{"id":2675,"date":"2024-05-30T17:17:07","date_gmt":"2024-05-30T15:17:07","guid":{"rendered":"https:\/\/intellivitahub.com\/kurse\/"},"modified":"2025-07-23T20:56:11","modified_gmt":"2025-07-23T18:56:11","slug":"kurse","status":"publish","type":"page","link":"https:\/\/intellivitahub.com\/de\/kurse\/","title":{"rendered":"Kurse"},"content":{"rendered":"\n<div style=\"height:100px\" aria-hidden=\"true\" class=\"wp-block-spacer\"><\/div>\n\n<div class=\"wp-block-uagb-advanced-heading uagb-block-65a82b9e\"><h2 class=\"uagb-heading-text\">Vertiefen Sie Ihr Wissen mit unseren Komplettkursen<\/h2><p class=\"uagb-desc-text\">Wir bieten komplette Kurse an, die Theorie und Praxis miteinander verbinden und ein tiefgreifendes und transformatives Lernen erm\u00f6glichen. Unsere Kurse sind so konzipiert, dass sie l\u00e4nger dauern und ein tieferes Studium des Themas sowie eine detailliertere und praktische Anwendung der Inhalte erm\u00f6glichen.<\/p><\/div>\n\n<div style=\"height:100px\" aria-hidden=\"true\" class=\"wp-block-spacer\"><\/div>\n\n<div class=\"wp-block-media-text is-stacked-on-mobile\"><figure class=\"wp-block-media-text__media\"><img loading=\"lazy\" decoding=\"async\" width=\"576\" height=\"1024\" src=\"https:\/\/intellivitahub.com\/wp-content\/uploads\/2024\/06\/Design-9-3-576x1024.png\" alt=\"\" class=\"wp-image-2259 size-full\" srcset=\"https:\/\/intellivitahub.com\/wp-content\/uploads\/2024\/06\/Design-9-3-576x1024.png 576w, https:\/\/intellivitahub.com\/wp-content\/uploads\/2024\/06\/Design-9-3-169x300.png 169w, https:\/\/intellivitahub.com\/wp-content\/uploads\/2024\/06\/Design-9-3-768x1365.png 768w, https:\/\/intellivitahub.com\/wp-content\/uploads\/2024\/06\/Design-9-3-864x1536.png 864w, https:\/\/intellivitahub.com\/wp-content\/uploads\/2024\/06\/Design-9-3-600x1067.png 600w, https:\/\/intellivitahub.com\/wp-content\/uploads\/2024\/06\/Design-9-3.png 1080w\" sizes=\"auto, (max-width: 576px) 100vw, 576px\" \/><\/figure><div class=\"wp-block-media-text__content\">\n<h3 class=\"wp-block-heading has-ast-global-color-0-color has-text-color has-link-color wp-elements-3b12306818e4171183c82cbb79c9b62b\">Unsere Kurse<\/h3>\n\n\n\n<h4 class=\"wp-block-heading\"><strong>Kurs \u00fcber intelligente Ern\u00e4hrung<\/strong><\/h4>\n\n\n\n<ul class=\"wp-block-list\">\n<li><strong>Dauer<\/strong>: 4 Stunden<\/li>\n\n\n\n<li><strong>Beschreibung<\/strong>: Lernen Sie die Grundlagen der N\u00e4hrstoffe kennen und erfahren Sie, wie Sie das Essen durch die Auswahl der besten Zutaten, ihrer Proportionen und ihrer Zubereitung genussvoller gestalten k\u00f6nnen. Er umfasst den praktischen Teil der Zubereitung eines Gerichts, eine Verkostung und die Erstellung eines monatlichen Speiseplans.<\/li>\n\n\n\n<li><strong>Inhalt<\/strong>:\n<ul class=\"wp-block-list\">\n<li>N\u00e4hrstoffe und der menschliche K\u00f6rper<\/li>\n\n\n\n<li>Auswahl und Verh\u00e4ltnis der Zutaten<\/li>\n\n\n\n<li>Kochtechniken<\/li>\n\n\n\n<li>Praktischer Teil: Zubereitung eines Gerichts und Verwendung von Gew\u00fcrzen<\/li>\n\n\n\n<li>Einen Essensplan erstellen<\/li>\n<\/ul>\n<\/li>\n<\/ul>\n\n\n\n<h4 class=\"wp-block-heading\"><strong>Kurs Organische Reinigung<\/strong><\/h4>\n\n\n\n<ul class=\"wp-block-list\">\n<li><strong>Dauer<\/strong>: 1 bis 2 Wochen<\/li>\n\n\n\n<li><strong>Beschreibung<\/strong>: Verstehen Sie, wie der K\u00f6rper sich selbst recycelt und wie Sie dies mit einem speziellen Ern\u00e4hrungsplan und Techniken optimieren k\u00f6nnen. Es enth\u00e4lt einen 1-Wochen- bis 15-Tage-Plan mit Ern\u00e4hrungs- und Entschlackungstechniken.<\/li>\n\n\n\n<li><strong>Inhalt<\/strong>:\n<ul class=\"wp-block-list\">\n<li>Einf\u00fchrung in die organische Reinigung<\/li>\n\n\n\n<li>Nat\u00fcrliche Prozesse zur Entgiftung des K\u00f6rpers<\/li>\n\n\n\n<li>Spezifischer Ern\u00e4hrungsplan zur Entschlackung<\/li>\n\n\n\n<li>Techniken zur Unterst\u00fctzung der Aufreinigung<\/li>\n\n\n\n<li>Planen Sie von 1 Woche bis 15 Tage<\/li>\n<\/ul>\n<\/li>\n<\/ul>\n<\/div><\/div>\n\n<div style=\"height:75px\" aria-hidden=\"true\" class=\"wp-block-spacer\"><\/div>\n\n<div class=\"wp-block-media-text has-media-on-the-right is-stacked-on-mobile\"><div class=\"wp-block-media-text__content\">\n<h4 class=\"wp-block-heading\"><strong>Kurs Darm-Gehirn-Verbindung<\/strong><\/h4>\n\n\n\n<ul class=\"wp-block-list\">\n<li><strong>Dauer<\/strong>: 4 Stunden<\/li>\n\n\n\n<li><strong>Beschreibung<\/strong>: Optimieren Sie Ihre geistige Leistungsf\u00e4higkeit durch die Verbindung zwischen dem Darm und dem Gehirn. Erfahren Sie, wie eine gesunde Darmmikrobiota Ihre Kognition verbessern, Stress reduzieren und Ihre Energie steigern kann. Ern\u00e4hrungsstrategien, Techniken zur Stressbew\u00e4ltigung und personalisierte Pl\u00e4ne zur Optimierung Ihrer geistigen Leistungsf\u00e4higkeit.  <\/li>\n\n\n\n<li><strong>Inhalt<\/strong>:\n<ul class=\"wp-block-list\">\n<li>Einf\u00fchrung in die Darm-Gehirn-Verbindung<\/li>\n\n\n\n<li>Intestinale Mikrobiota und Kommunikation mit dem Gehirn<\/li>\n\n\n\n<li>Ern\u00e4hrung der intestinalen Mikrobiota<\/li>\n\n\n\n<li>Entz\u00fcndung und geistige Klarheit<\/li>\n\n\n\n<li>Stress und die Darm-Gehirn-Achse<\/li>\n\n\n\n<li>Lebensstil zur Optimierung der Darm-Gehirn-Verbindung<\/li>\n<\/ul>\n<\/li>\n<\/ul>\n<\/div><figure class=\"wp-block-media-text__media\"><img loading=\"lazy\" decoding=\"async\" width=\"800\" height=\"450\" src=\"https:\/\/intellivitahub.com\/wp-content\/uploads\/2024\/05\/healthy-gut-bacteria.jpeg\" alt=\"\" class=\"wp-image-2212 size-full\" srcset=\"https:\/\/intellivitahub.com\/wp-content\/uploads\/2024\/05\/healthy-gut-bacteria.jpeg 800w, https:\/\/intellivitahub.com\/wp-content\/uploads\/2024\/05\/healthy-gut-bacteria-300x169.jpeg 300w, https:\/\/intellivitahub.com\/wp-content\/uploads\/2024\/05\/healthy-gut-bacteria-768x432.jpeg 768w, https:\/\/intellivitahub.com\/wp-content\/uploads\/2024\/05\/healthy-gut-bacteria-600x338.jpeg 600w\" sizes=\"auto, (max-width: 800px) 100vw, 800px\" \/><\/figure><\/div>\n\n<div style=\"height:42px\" aria-hidden=\"true\" class=\"wp-block-spacer\"><\/div>\n\n<h3 class=\"wp-block-heading has-ast-global-color-0-color has-text-color has-link-color wp-elements-67281111ee01b20eda4224b34fe3aa3c\">Die Besonderheiten unserer Kurse<\/h3>\n\n<ul class=\"wp-block-list\">\n<li><strong>St\u00e4ndige Aktualisierung<\/strong>: Unsere Inhalte werden st\u00e4ndig aktualisiert, um sicherzustellen, dass Sie Zugang zu den aktuellsten und relevantesten Informationen haben.<\/li>\n\n\n\n<li><strong>Kuratierte und bew\u00e4hrte Inhalte<\/strong>: Wir haben das Kursmaterial sorgf\u00e4ltig ausgew\u00e4hlt und uns dabei nicht nur auf das konzentriert, was durch zahlreiche wissenschaftliche Beweise belegt ist, sondern auch auf Praktiken und Wissen, die von alten Gesellschaften \u00fcber Hunderte oder Tausende von Jahren empirisch nachgewiesen wurden.<\/li>\n\n\n\n<li><strong>Verst\u00e4ndliche Sprache<\/strong>: Obwohl der Inhalt tiefgr\u00fcndig und umfassend ist, wird er in einer klaren, leicht verst\u00e4ndlichen Sprache pr\u00e4sentiert, so dass er f\u00fcr jeden leicht zu lernen ist.<\/li>\n\n\n\n<li><strong>Praktische Anwendbarkeit<\/strong>: Der Kurs ist sehr praxisorientiert gestaltet, mit Strategien und Techniken, die Sie sofort anwenden k\u00f6nnen, um greifbare Ergebnisse zu erzielen.<\/li>\n\n\n\n<li><strong>Echte Transformation<\/strong>: Unser Ziel ist es, eine dauerhafte Ver\u00e4nderung in Ihrem Leben herbeizuf\u00fchren, indem wir Ihnen Werkzeuge und Wissen zur Verf\u00fcgung stellen, die signifikante und nachhaltige Ver\u00e4nderungen f\u00f6rdern.<\/li>\n\n\n\n<li><strong>Unterst\u00fctzung und Nachbereitung<\/strong>: Wir bieten laufende Unterst\u00fctzung und pers\u00f6nliche Nachbereitung, um sicherzustellen, dass Sie auf dem richtigen Weg sind und das Beste aus dem Kurs herausholen k\u00f6nnen.<\/li>\n\n\n\n<li><strong>Interaktivit\u00e4t und Engagement<\/strong>: Interaktiver Unterricht und Frage-Antwort-Runden sorgen f\u00fcr dynamisches und engagiertes Lernen.<\/li>\n<\/ul>\n\n<div style=\"height:42px\" aria-hidden=\"true\" class=\"wp-block-spacer\"><\/div>\n\n<h3 class=\"wp-block-heading has-ast-global-color-0-color has-text-color has-link-color wp-elements-fb6a334a328def26b42bcfba32620928\">Investitionen<\/h3>\n\n<p>Kontaktieren Sie uns f\u00fcr weitere Informationen.<\/p>\n\n<p>Pers\u00f6nlich oder online<\/p>\n\n<div style=\"height:53px\" aria-hidden=\"true\" class=\"wp-block-spacer\"><\/div>\n\n<div class=\"wp-block-uagb-call-to-action uagb-block-027fe38f wp-block-button\"><div class=\"uagb-cta__wrap\"><h3 class=\"uagb-cta__title\">Jetzt anmelden<\/h3><p class=\"uagb-cta__desc\">Sind Sie bereit, Ihr Wissen zu vertiefen und Ihr Leben mit unseren Komplettkursen zu ver\u00e4ndern? Nehmen Sie Kontakt auf, um die n\u00e4chsten Termine zu erfahren und Ihre Lernreise zu beginnen!<br\/><br\/>Sie k\u00f6nnen das Thema, das Sie suchen, nicht finden? Setzen Sie sich mit uns in Verbindung und wir erstellen einen pers\u00f6nlichen Kurs, der Ihren Bed\u00fcrfnissen entspricht.<\/p><\/div><div class=\"uagb-cta__buttons\"><a href=\"https:\/\/intellivitahub.com\/de\/kontakt\/\" class=\"uagb-cta__button-link-wrapper wp-block-button__link\" target=\"_self\" rel=\"noopener noreferrer\">Kontakte<svg xmlns=\"https:\/\/www.w3.org\/2000\/svg\" viewbox=\"0 0 512 512\"><path d=\"M504.3 273.6l-112.1 104c-6.992 6.484-17.18 8.218-25.94 4.406c-8.758-3.812-14.42-12.45-14.42-21.1L351.9 288H32C14.33 288 .0002 273.7 .0002 255.1S14.33 224 32 224h319.9l0-72c0-9.547 5.66-18.19 14.42-22c8.754-3.809 18.95-2.075 25.94 4.41l112.1 104C514.6 247.9 514.6 264.1 504.3 273.6z\"><\/path><\/svg><\/a><\/div><\/div>\n\n<div style=\"height:61px\" aria-hidden=\"true\" class=\"wp-block-spacer\"><\/div>\n","protected":false},"excerpt":{"rendered":"<p>Vertiefen Sie Ihr Wissen mit unseren Komplettkursen Wir bieten komplette Kurse an, die Theorie und Praxis miteinander verbinden und ein tiefgreifendes und transformatives Lernen erm\u00f6glichen. Unsere Kurse sind so konzipiert, dass sie l\u00e4nger dauern und ein tieferes Studium des Themas sowie eine detailliertere und praktische Anwendung der Inhalte erm\u00f6glichen. Die Besonderheiten unserer Kurse Investitionen Kontaktieren [&hellip;]<\/p>\n","protected":false},"author":1,"featured_media":0,"parent":0,"menu_order":0,"comment_status":"closed","ping_status":"closed","template":"","meta":{"_uag_custom_page_level_css":"","site-sidebar-layout":"default","site-content-layout":"","ast-site-content-layout":"default","site-content-style":"default","site-sidebar-style":"default","ast-global-header-display":"","ast-banner-title-visibility":"","ast-main-header-display":"","ast-hfb-above-header-display":"","ast-hfb-below-header-display":"","ast-hfb-mobile-header-display":"","site-post-title":"","ast-breadcrumbs-content":"","ast-featured-img":"","footer-sml-layout":"","ast-disable-related-posts":"","theme-transparent-header-meta":"","adv-header-id-meta":"","stick-header-meta":"","header-above-stick-meta":"","header-main-stick-meta":"","header-below-stick-meta":"","astra-migrate-meta-layouts":"default","ast-page-background-enabled":"default","ast-page-background-meta":{"desktop":{"background-color":"var(--ast-global-color-4)","background-image":"","background-repeat":"repeat","background-position":"center center","background-size":"auto","background-attachment":"scroll","background-type":"","background-media":"","overlay-type":"","overlay-color":"","overlay-opacity":"","overlay-gradient":""},"tablet":{"background-color":"","background-image":"","background-repeat":"repeat","background-position":"center center","background-size":"auto","background-attachment":"scroll","background-type":"","background-media":"","overlay-type":"","overlay-color":"","overlay-opacity":"","overlay-gradient":""},"mobile":{"background-color":"","background-image":"","background-repeat":"repeat","background-position":"center center","background-size":"auto","background-attachment":"scroll","background-type":"","background-media":"","overlay-type":"","overlay-color":"","overlay-opacity":"","overlay-gradient":""}},"ast-content-background-meta":{"desktop":{"background-color":"var(--ast-global-color-5)","background-image":"","background-repeat":"repeat","background-position":"center center","background-size":"auto","background-attachment":"scroll","background-type":"","background-media":"","overlay-type":"","overlay-color":"","overlay-opacity":"","overlay-gradient":""},"tablet":{"background-color":"var(--ast-global-color-5)","background-image":"","background-repeat":"repeat","background-position":"center center","background-size":"auto","background-attachment":"scroll","background-type":"","background-media":"","overlay-type":"","overlay-color":"","overlay-opacity":"","overlay-gradient":""},"mobile":{"background-color":"var(--ast-global-color-5)","background-image":"","background-repeat":"repeat","background-position":"center center","background-size":"auto","background-attachment":"scroll","background-type":"","background-media":"","overlay-type":"","overlay-color":"","overlay-opacity":"","overlay-gradient":""}},"footnotes":""},"class_list":["post-2675","page","type-page","status-publish","hentry"],"aioseo_notices":[],"uagb_featured_image_src":{"full":false,"thumbnail":false,"medium":false,"medium_large":false,"large":false,"1536x1536":false,"2048x2048":false},"uagb_author_info":{"display_name":"intellivitahub.com","author_link":"https:\/\/intellivitahub.com\/de\/author\/intellivitahub-com\/"},"uagb_comment_info":0,"uagb_excerpt":"Vertiefen Sie Ihr Wissen mit unseren Komplettkursen Wir bieten komplette Kurse an, die Theorie und Praxis miteinander verbinden und ein tiefgreifendes und transformatives Lernen erm\u00f6glichen. Unsere Kurse sind so konzipiert, dass sie l\u00e4nger dauern und ein tieferes Studium des Themas sowie eine detailliertere und praktische Anwendung der Inhalte erm\u00f6glichen. Die Besonderheiten unserer Kurse Investitionen Kontaktieren&hellip;","_links":{"self":[{"href":"https:\/\/intellivitahub.com\/de\/wp-json\/wp\/v2\/pages\/2675","targetHints":{"allow":["GET"]}}],"collection":[{"href":"https:\/\/intellivitahub.com\/de\/wp-json\/wp\/v2\/pages"}],"about":[{"href":"https:\/\/intellivitahub.com\/de\/wp-json\/wp\/v2\/types\/page"}],"author":[{"embeddable":true,"href":"https:\/\/intellivitahub.com\/de\/wp-json\/wp\/v2\/users\/1"}],"replies":[{"embeddable":true,"href":"https:\/\/intellivitahub.com\/de\/wp-json\/wp\/v2\/comments?post=2675"}],"version-history":[{"count":9,"href":"https:\/\/intellivitahub.com\/de\/wp-json\/wp\/v2\/pages\/2675\/revisions"}],"predecessor-version":[{"id":3144,"href":"https:\/\/intellivitahub.com\/de\/wp-json\/wp\/v2\/pages\/2675\/revisions\/3144"}],"wp:attachment":[{"href":"https:\/\/intellivitahub.com\/de\/wp-json\/wp\/v2\/media?parent=2675"}],"curies":[{"name":"wp","href":"https:\/\/api.w.org\/{rel}","templated":true}]}}