{"id":2693,"date":"2024-05-30T15:54:01","date_gmt":"2024-05-30T13:54:01","guid":{"rendered":"https:\/\/intellivitahub.com\/workshops\/"},"modified":"2025-09-12T17:50:07","modified_gmt":"2025-09-12T15:50:07","slug":"workshops","status":"publish","type":"page","link":"https:\/\/intellivitahub.com\/de\/workshops\/","title":{"rendered":"Workshops"},"content":{"rendered":"\n<div style=\"height:59px\" aria-hidden=\"true\" class=\"wp-block-spacer\"><\/div>\n\n<div class=\"wp-block-uagb-advanced-heading uagb-block-7b8e334e\"><h2 class=\"uagb-heading-text\">Lernen und ver\u00e4ndern Sie Ihr Leben mit unseren Workshops<\/h2><p class=\"uagb-desc-text\">Im IntelliVita Hub bieten wir eine Reihe von praktischen und dynamischen Workshops an, die in kurzer Zeit anwendbares und transformatives Wissen vermitteln. Jeder Workshop dauert zwischen 1 und 2 Stunden und konzentriert sich auf bestimmte Themen, die ein erf\u00fclltes und hochwertiges Leben f\u00f6rdern.<\/p><\/div>\n\n<div style=\"height:59px\" aria-hidden=\"true\" class=\"wp-block-spacer\"><\/div>\n\n<div class=\"wp-block-media-text has-media-on-the-right is-stacked-on-mobile\"><div class=\"wp-block-media-text__content\">\n<h3 class=\"wp-block-heading has-ast-global-color-0-color has-text-color has-link-color wp-elements-04ac609d65c0250e0ad7ca8bcec59d45\">Unsere Workshops<\/h3>\n\n\n\n<h4 class=\"wp-block-heading\"><strong>Workshop Kochen auf pflanzlicher Basis<\/strong><\/h4>\n\n\n\n<ul class=\"wp-block-list\">\n<li><strong>Dauer<\/strong>: 2 Stunden<\/li>\n\n\n\n<li><strong>Beschreibung<\/strong>: Lernen Sie, wie Sie eine nahrhafte und schmackhafte Vorspeise, ein Hauptgericht, ein Dessert und ein Getr\u00e4nk zubereiten. Entdecken Sie die Geheimnisse der pflanzlichen K\u00fcche und wie sie Ihre Vitalit\u00e4t und Ihr Wohlbefinden ver\u00e4ndern kann.<\/li>\n\n\n\n<li><strong>Inhalt<\/strong>:\n<ul class=\"wp-block-list\">\n<li>Einf\u00fchrung in die pflanzliche K\u00fcche<\/li>\n\n\n\n<li>Eine nahrhafte Vorspeise zubereiten<\/li>\n\n\n\n<li>Ein leckeres Hauptgericht kreieren<\/li>\n\n\n\n<li>Gesundes Dessert Rezept<\/li>\n\n\n\n<li>Ein erfrischendes Getr\u00e4nk zubereiten<\/li>\n<\/ul>\n<\/li>\n<\/ul>\n\n\n\n<h4 class=\"wp-block-heading\"><strong>Workshop zur Zielplanung<\/strong><\/h4>\n\n\n\n<ul class=\"wp-block-list\">\n<li><strong>Dauer<\/strong>: 1 Stunde<\/li>\n\n\n\n<li><strong>Beschreibung<\/strong>: Entdecken Sie, wie Sie die letzte Periode analysieren und die n\u00e4chste planen k\u00f6nnen, einschlie\u00dflich wichtiger Punkte f\u00fcr ein erf\u00fclltes und hochwertiges Leben. Lernen Sie Techniken zur pers\u00f6nlichen Planung und Organisation.<\/li>\n\n\n\n<li><strong>Inhalt<\/strong>:\n<ul class=\"wp-block-list\">\n<li>R\u00fcckblick auf den vorangegangenen Zeitraum<\/li>\n\n\n\n<li>SMARTe Ziele setzen<\/li>\n\n\n\n<li>Die Bedeutung von HARD-Zielen<\/li>\n\n\n\n<li>Strategische Planung f\u00fcr die kommende Zeit<\/li>\n\n\n\n<li>Organisatorische Instrumente und Techniken<\/li>\n<\/ul>\n<\/li>\n<\/ul>\n<\/div><figure class=\"wp-block-media-text__media\"><img loading=\"lazy\" decoding=\"async\" width=\"785\" height=\"1024\" src=\"https:\/\/intellivitahub.com\/wp-content\/uploads\/2024\/05\/workshop-1-785x1024.jpg\" alt=\"\" class=\"wp-image-2201 size-full\" srcset=\"https:\/\/intellivitahub.com\/wp-content\/uploads\/2024\/05\/workshop-1-785x1024.jpg 785w, https:\/\/intellivitahub.com\/wp-content\/uploads\/2024\/05\/workshop-1-230x300.jpg 230w, https:\/\/intellivitahub.com\/wp-content\/uploads\/2024\/05\/workshop-1-768x1002.jpg 768w, https:\/\/intellivitahub.com\/wp-content\/uploads\/2024\/05\/workshop-1-1177x1536.jpg 1177w, https:\/\/intellivitahub.com\/wp-content\/uploads\/2024\/05\/workshop-1-600x783.jpg 600w, https:\/\/intellivitahub.com\/wp-content\/uploads\/2024\/05\/workshop-1.jpg 1312w\" sizes=\"auto, (max-width: 785px) 100vw, 785px\" \/><\/figure><\/div>\n\n<div class=\"wp-block-media-text is-stacked-on-mobile\"><figure class=\"wp-block-media-text__media\"><img decoding=\"async\" src=\"https:\/\/intellivitahub.com\/wp-content\/uploads\/2024\/05\/zipwp-image-3981599-683x1024.jpeg\" alt=\"Mann im T-Shirt mit Rundhalsausschnitt auf dem Bett liegend\" class=\"wp-image-19 size-full\"\/><\/figure><div class=\"wp-block-media-text__content\">\n<div style=\"height:37px\" aria-hidden=\"true\" class=\"wp-block-spacer\"><\/div>\n\n\n\n<h4 class=\"wp-block-heading\"><strong>Workshop zur emotionalen Neuprogrammierung<\/strong><\/h4>\n\n\n\n<ul class=\"wp-block-list\">\n<li><strong>Dauer<\/strong>: 1h30 (einfach) oder 30 min (regul\u00e4r)<\/li>\n\n\n\n<li><strong>Beschreibung<\/strong>: Lernen Sie effektive Techniken, um Stress zu bew\u00e4ltigen und sich emotional neu zu programmieren. Dieser Workshop bietet praktische Werkzeuge zur Verbesserung Ihres emotionalen Wohlbefindens.<\/li>\n\n\n\n<li><strong>Inhalt<\/strong>:\n<ul class=\"wp-block-list\">\n<li>Einf\u00fchrung in die emotionale Umprogrammierung<\/li>\n\n\n\n<li>Techniken zur Stressbew\u00e4ltigung<\/li>\n\n\n\n<li>Praktische \u00dcbungen zur emotionalen Umprogrammierung\n<ul class=\"wp-block-list\">\n<li>Sie k\u00f6nnen in regelm\u00e4\u00dfigen 30-min\u00fctigen Sitzungen ge\u00fcbt werden (1 oder 2 Mal pro Woche). In Gruppen oder einzeln. <\/li>\n<\/ul>\n<\/li>\n<\/ul>\n<\/li>\n<\/ul>\n\n\n\n<h4 class=\"wp-block-heading\"><strong>Workshops zum Thema Achtsamkeit<\/strong><\/h4>\n\n\n\n<ul class=\"wp-block-list\">\n<li><strong>Dauer<\/strong>: jeweils 1 Stunde<\/li>\n\n\n\n<li><strong>Beschreibung<\/strong>: Mindfulness Design ist in 5 verschiedene Module mit insgesamt 42 Workshops unterteilt. Diese Workshops sind ma\u00dfgeschneidert, um wesentliche F\u00e4higkeiten in einer unsicheren und extrem unbest\u00e4ndigen Welt zu entwickeln. Die wichtigsten sind: analytisches Denken und Innovation, emotionale Intelligenz, aktives Lernen, Kreativit\u00e4t und Initiative sowie F\u00fchrung und sozialer Einfluss. <\/li>\n\n\n\n<li><strong>Module<\/strong>:\n<ul class=\"wp-block-list\">\n<li>Stresstoleranz<\/li>\n\n\n\n<li>Emotionale Intelligenz<\/li>\n\n\n\n<li>Leben mit Sinn<\/li>\n\n\n\n<li>Fokus und nachhaltige Leistung<\/li>\n\n\n\n<li>Kreativer und intuitiver Geist<\/li>\n<\/ul>\n<\/li>\n\n\n\n<li><strong>F\u00fcr wen: <\/strong>Sie m\u00f6chten Ihr Potenzial entwickeln <em>und auch in schwierigen Zeiten erfolgreich sein<\/em>, oder Sie m\u00f6chten die F\u00fchrungskr\u00e4fte Ihres Unternehmens f\u00f6rdern.  <\/li>\n\n\n\n<li><em>Mentoring<\/em> in der Gruppe oder <em>privat<\/em><\/li>\n<\/ul>\n<\/div><\/div>\n\n<div style=\"height:55px\" aria-hidden=\"true\" class=\"wp-block-spacer\"><\/div>\n\n<h4 class=\"wp-block-heading\"><strong>Labor f\u00fcr Vitalit\u00e4t und Leistung<\/strong><\/h4>\n\n<div class=\"wp-block-group is-nowrap is-layout-flex wp-container-core-group-is-layout-f66f9956 wp-block-group-is-layout-flex\">\n<ul class=\"wp-block-list\">\n<li><strong>Dauer<\/strong>: 1 Stunde (1 oder 2 Mal pro Woche)<\/li>\n\n\n\n<li><strong>Beschreibung<\/strong>: Praktische und dynamische Kurse, die Bewegung, Atmung und Techniken zur Entwicklung der geistigen F\u00e4higkeiten integrieren, mit dem Ziel:\n<ul class=\"wp-block-list\">\n<li>Verbessern Sie Konzentration und geistige Klarheit<\/li>\n\n\n\n<li>Stressbew\u00e4ltigung und Optimierung der emotionalen Reaktionen<\/li>\n\n\n\n<li>Verbesserung der Selbstwahrnehmung und Koordination<\/li>\n\n\n\n<li>Steigern Sie Vitalit\u00e4t und Energie f\u00fcr hohe Leistung<\/li>\n<\/ul>\n<\/li>\n\n\n\n<li><strong>Inhalt<\/strong>:\n<ul class=\"wp-block-list\">\n<li><em>Atmung<\/em>: Erkundung von \u00dcbungen zur Verbesserung der Lungenkapazit\u00e4t, zum Stressabbau und zur Erh\u00f6hung der Sauerstoffversorgung, mit Variationen zur F\u00f6rderung von Wachsamkeit, Entspannung oder Energie.<\/li>\n\n\n\n<li><em>Bauch einziehen:<\/em> zur St\u00e4rkung der Tiefenmuskulatur und zur Anregung der inneren Zirkulation.<\/li>\n\n\n\n<li><em>Kraft, Flexibilit\u00e4t und Bewegung<\/em>: zur Verbesserung der K\u00f6rperwahrnehmung, der muskul\u00e4ren Ausdauer und des Bewegungsumfangs.<\/li>\n\n\n\n<li><em>Neuromuskul\u00e4re Entspannung<\/em>: eine Technik, mit der Sie lernen k\u00f6nnen, Ihren K\u00f6rper vollst\u00e4ndig zu entspannen und die emotionale Umprogrammierung zu f\u00f6rdern.<\/li>\n\n\n\n<li><em>Konzentration und Meditation<\/em>: wichtig, um geistige Klarheit zu erlangen und die Intuition zu f\u00f6rdern.<\/li>\n\n\n\n<li><em>Achtsamkeit<\/em>: W\u00e4hrend der gesamten Praxis werden Sie ermutigt, sich tief mit dem gegenw\u00e4rtigen Moment zu verbinden.<\/li>\n<\/ul>\n<\/li>\n\n\n\n<li><strong>F\u00fcr wen<\/strong>: <em>junge Erwachsene<\/em> im Alter von 16 bis 60 Jahren, die eine gute Begabung f\u00fcr K\u00f6rperbewegungen haben, ohne Sportler sein zu m\u00fcssen. Die Kurse sind <em>dynamisch und intensiv,<\/em> aber immer <em>anpassungsf\u00e4hig f\u00fcr Anf\u00e4nger<\/em>, um einen schrittweisen und sicheren Ansatz zu gew\u00e4hrleisten. F\u00fcr erfahrenere Teilnehmer werden mit der Zeit fortgeschrittene Techniken integriert.  <\/li>\n<\/ul>\n<\/div>\n\n<figure class=\"wp-block-image aligncenter size-large is-resized\"><img loading=\"lazy\" decoding=\"async\" width=\"1024\" height=\"287\" src=\"https:\/\/intellivitahub.com\/wp-content\/uploads\/2025\/09\/kakasanaComprido-1024x287.png\" alt=\"\" class=\"wp-image-3214\" style=\"width:1196px;height:auto\" srcset=\"https:\/\/intellivitahub.com\/wp-content\/uploads\/2025\/09\/kakasanaComprido-1024x287.png 1024w, https:\/\/intellivitahub.com\/wp-content\/uploads\/2025\/09\/kakasanaComprido-300x84.png 300w, https:\/\/intellivitahub.com\/wp-content\/uploads\/2025\/09\/kakasanaComprido-768x215.png 768w, https:\/\/intellivitahub.com\/wp-content\/uploads\/2025\/09\/kakasanaComprido-1536x431.png 1536w, https:\/\/intellivitahub.com\/wp-content\/uploads\/2025\/09\/kakasanaComprido-2048x574.png 2048w\" sizes=\"auto, (max-width: 1024px) 100vw, 1024px\" \/><\/figure>\n\n<div style=\"height:43px\" aria-hidden=\"true\" class=\"wp-block-spacer\"><\/div>\n\n<h3 class=\"wp-block-heading has-ast-global-color-0-color has-text-color has-link-color wp-elements-34296f7382646174b2e14a67ecf317ef\">Unterschiede zwischen unseren Workshops<\/h3>\n\n<ul class=\"wp-block-list\">\n<li><strong>Praktikabilit\u00e4t<\/strong>: Direkte und anwendbare Inhalte in kurzer Zeit.<\/li>\n\n\n\n<li><strong>Interaktivit\u00e4t<\/strong>: Dynamische und partizipative Sitzungen.<\/li>\n\n\n\n<li><strong>Kompetenz<\/strong>: Erfahrene Lehrer, die sich auf die einzelnen Bereiche spezialisiert haben.<\/li>\n\n\n\n<li><strong>Transformation<\/strong>: Praktische Werkzeuge, die Sie sofort in Ihrem Leben anwenden k\u00f6nnen.<\/li>\n\n\n\n<li><strong>Format:<\/strong> Pers\u00f6nlich oder online<\/li>\n<\/ul>\n\n<div style=\"height:43px\" aria-hidden=\"true\" class=\"wp-block-spacer\"><\/div>\n\n<div class=\"wp-block-uagb-call-to-action uagb-block-f21a9888 wp-block-button\"><div class=\"uagb-cta__wrap\"><h3 class=\"uagb-cta__title\">Jetzt anmelden<\/h3><p class=\"uagb-cta__desc\">Sind Sie bereit, Ihr Leben mit unseren praktischen Workshops zu ver\u00e4ndern? Nehmen Sie Kontakt auf, um die n\u00e4chsten Termine zu erfahren und Ihre Lernreise zu beginnen!<br\/><br\/>Sie k\u00f6nnen das Thema, das Sie suchen, nicht finden? Setzen Sie sich mit uns in Verbindung und wir erstellen einen individuellen Workshop f\u00fcr Sie.<\/p><\/div><div class=\"uagb-cta__buttons\"><a href=\"https:\/\/intellivitahub.com\/de\/kontakt\/\" class=\"uagb-cta__button-link-wrapper wp-block-button__link\" target=\"_self\" rel=\"noopener noreferrer\">Kontakte<svg xmlns=\"https:\/\/www.w3.org\/2000\/svg\" viewbox=\"0 0 512 512\"><path d=\"M504.3 273.6l-112.1 104c-6.992 6.484-17.18 8.218-25.94 4.406c-8.758-3.812-14.42-12.45-14.42-21.1L351.9 288H32C14.33 288 .0002 273.7 .0002 255.1S14.33 224 32 224h319.9l0-72c0-9.547 5.66-18.19 14.42-22c8.754-3.809 18.95-2.075 25.94 4.41l112.1 104C514.6 247.9 514.6 264.1 504.3 273.6z\"><\/path><\/svg><\/a><\/div><\/div>\n\n<div style=\"height:100px\" aria-hidden=\"true\" class=\"wp-block-spacer\"><\/div>\n","protected":false},"excerpt":{"rendered":"<p>Lernen und ver\u00e4ndern Sie Ihr Leben mit unseren Workshops Im IntelliVita Hub bieten wir eine Reihe von praktischen und dynamischen Workshops an, die in kurzer Zeit anwendbares und transformatives Wissen vermitteln. Jeder Workshop dauert zwischen 1 und 2 Stunden und konzentriert sich auf bestimmte Themen, die ein erf\u00fclltes und hochwertiges Leben f\u00f6rdern. Labor f\u00fcr Vitalit\u00e4t [&hellip;]<\/p>\n","protected":false},"author":1,"featured_media":0,"parent":0,"menu_order":0,"comment_status":"closed","ping_status":"closed","template":"","meta":{"_uag_custom_page_level_css":"","site-sidebar-layout":"default","site-content-layout":"","ast-site-content-layout":"default","site-content-style":"default","site-sidebar-style":"default","ast-global-header-display":"","ast-banner-title-visibility":"","ast-main-header-display":"","ast-hfb-above-header-display":"","ast-hfb-below-header-display":"","ast-hfb-mobile-header-display":"","site-post-title":"","ast-breadcrumbs-content":"","ast-featured-img":"","footer-sml-layout":"","ast-disable-related-posts":"","theme-transparent-header-meta":"","adv-header-id-meta":"","stick-header-meta":"","header-above-stick-meta":"","header-main-stick-meta":"","header-below-stick-meta":"","astra-migrate-meta-layouts":"default","ast-page-background-enabled":"default","ast-page-background-meta":{"desktop":{"background-color":"var(--ast-global-color-4)","background-image":"","background-repeat":"repeat","background-position":"center center","background-size":"auto","background-attachment":"scroll","background-type":"","background-media":"","overlay-type":"","overlay-color":"","overlay-opacity":"","overlay-gradient":""},"tablet":{"background-color":"","background-image":"","background-repeat":"repeat","background-position":"center center","background-size":"auto","background-attachment":"scroll","background-type":"","background-media":"","overlay-type":"","overlay-color":"","overlay-opacity":"","overlay-gradient":""},"mobile":{"background-color":"","background-image":"","background-repeat":"repeat","background-position":"center center","background-size":"auto","background-attachment":"scroll","background-type":"","background-media":"","overlay-type":"","overlay-color":"","overlay-opacity":"","overlay-gradient":""}},"ast-content-background-meta":{"desktop":{"background-color":"var(--ast-global-color-5)","background-image":"","background-repeat":"repeat","background-position":"center center","background-size":"auto","background-attachment":"scroll","background-type":"","background-media":"","overlay-type":"","overlay-color":"","overlay-opacity":"","overlay-gradient":""},"tablet":{"background-color":"var(--ast-global-color-5)","background-image":"","background-repeat":"repeat","background-position":"center center","background-size":"auto","background-attachment":"scroll","background-type":"","background-media":"","overlay-type":"","overlay-color":"","overlay-opacity":"","overlay-gradient":""},"mobile":{"background-color":"var(--ast-global-color-5)","background-image":"","background-repeat":"repeat","background-position":"center center","background-size":"auto","background-attachment":"scroll","background-type":"","background-media":"","overlay-type":"","overlay-color":"","overlay-opacity":"","overlay-gradient":""}},"footnotes":""},"class_list":["post-2693","page","type-page","status-publish","hentry"],"aioseo_notices":[],"uagb_featured_image_src":{"full":false,"thumbnail":false,"medium":false,"medium_large":false,"large":false,"1536x1536":false,"2048x2048":false},"uagb_author_info":{"display_name":"intellivitahub.com","author_link":"https:\/\/intellivitahub.com\/de\/author\/intellivitahub-com\/"},"uagb_comment_info":0,"uagb_excerpt":"Lernen und ver\u00e4ndern Sie Ihr Leben mit unseren Workshops Im IntelliVita Hub bieten wir eine Reihe von praktischen und dynamischen Workshops an, die in kurzer Zeit anwendbares und transformatives Wissen vermitteln. Jeder Workshop dauert zwischen 1 und 2 Stunden und konzentriert sich auf bestimmte Themen, die ein erf\u00fclltes und hochwertiges Leben f\u00f6rdern. Labor f\u00fcr Vitalit\u00e4t&hellip;","_links":{"self":[{"href":"https:\/\/intellivitahub.com\/de\/wp-json\/wp\/v2\/pages\/2693","targetHints":{"allow":["GET"]}}],"collection":[{"href":"https:\/\/intellivitahub.com\/de\/wp-json\/wp\/v2\/pages"}],"about":[{"href":"https:\/\/intellivitahub.com\/de\/wp-json\/wp\/v2\/types\/page"}],"author":[{"embeddable":true,"href":"https:\/\/intellivitahub.com\/de\/wp-json\/wp\/v2\/users\/1"}],"replies":[{"embeddable":true,"href":"https:\/\/intellivitahub.com\/de\/wp-json\/wp\/v2\/comments?post=2693"}],"version-history":[{"count":5,"href":"https:\/\/intellivitahub.com\/de\/wp-json\/wp\/v2\/pages\/2693\/revisions"}],"predecessor-version":[{"id":3225,"href":"https:\/\/intellivitahub.com\/de\/wp-json\/wp\/v2\/pages\/2693\/revisions\/3225"}],"wp:attachment":[{"href":"https:\/\/intellivitahub.com\/de\/wp-json\/wp\/v2\/media?parent=2693"}],"curies":[{"name":"wp","href":"https:\/\/api.w.org\/{rel}","templated":true}]}}