{"id":2710,"date":"2024-05-30T12:04:00","date_gmt":"2024-05-30T10:04:00","guid":{"rendered":"https:\/\/intellivitahub.com\/beratung\/"},"modified":"2025-07-23T20:57:30","modified_gmt":"2025-07-23T18:57:30","slug":"beratung","status":"publish","type":"page","link":"https:\/\/intellivitahub.com\/de\/beratung\/","title":{"rendered":"Beratung"},"content":{"rendered":"\n<div style=\"height:86px\" aria-hidden=\"true\" class=\"wp-block-spacer\"><\/div>\n\n<h2 class=\"wp-block-heading has-text-align-center\">IntelliVita-Beratung<\/h2>\n\n<p class=\"has-text-align-center\">Wir bieten eine pers\u00f6nliche Beratung, die \u00fcber konventionelle L\u00f6sungen hinausgeht. Unser 12-Wochen-Programm wurde entwickelt, um Ihren gesamten Tagesablauf zu bewerten und zu optimieren, und bietet eine transformative Reise in Richtung Vitalit\u00e4t und Langlebigkeit.<\/p>\n\n<div style=\"height:53px\" aria-hidden=\"true\" class=\"wp-block-spacer\"><\/div>\n\n<div class=\"wp-block-media-text is-stacked-on-mobile\"><figure class=\"wp-block-media-text__media\"><img loading=\"lazy\" decoding=\"async\" width=\"1024\" height=\"683\" src=\"https:\/\/intellivitahub.com\/wp-content\/uploads\/2024\/05\/Sarah-Rindo-1-1024x683.jpeg\" alt=\"\" class=\"wp-image-2223 size-full\" srcset=\"https:\/\/intellivitahub.com\/wp-content\/uploads\/2024\/05\/Sarah-Rindo-1-1024x683.jpeg 1024w, https:\/\/intellivitahub.com\/wp-content\/uploads\/2024\/05\/Sarah-Rindo-1-300x200.jpeg 300w, https:\/\/intellivitahub.com\/wp-content\/uploads\/2024\/05\/Sarah-Rindo-1-768x512.jpeg 768w, https:\/\/intellivitahub.com\/wp-content\/uploads\/2024\/05\/Sarah-Rindo-1-1536x1024.jpeg 1536w, https:\/\/intellivitahub.com\/wp-content\/uploads\/2024\/05\/Sarah-Rindo-1-2048x1365.jpeg 2048w, https:\/\/intellivitahub.com\/wp-content\/uploads\/2024\/05\/Sarah-Rindo-1-600x400.jpeg 600w\" sizes=\"auto, (max-width: 1024px) 100vw, 1024px\" \/><\/figure><div class=\"wp-block-media-text__content\">\n<div class=\"wp-block-uagb-advanced-heading uagb-block-f3c3293a\"><h2 class=\"uagb-heading-text\">Was Sie erleben werden<\/h2><\/div>\n\n\n\n<div style=\"height:38px\" aria-hidden=\"true\" class=\"wp-block-spacer\"><\/div>\n\n\n\n<p class=\"has-ast-global-color-2-color has-text-color has-link-color has-medium-font-size wp-elements-055d109972ddae4d062aed414b00356e\"><strong>Vorbereitung<\/strong><\/p>\n\n\n\n<p>Bevor wir beginnen, werden Sie detaillierte Frageb\u00f6gen ausf\u00fcllen und ein Tagebuch \u00fcber Ihre Routinen f\u00fchren. Dies wird uns helfen, Ihre Bed\u00fcrfnisse und Ziele besser zu verstehen.<\/p>\n\n\n\n<p class=\"has-ast-global-color-2-color has-text-color has-link-color has-medium-font-size wp-elements-e5ec975e84778aa5a5defdb236211bef\"><strong>Struktur des Programms<\/strong><\/p>\n\n\n\n<p>Jede w\u00f6chentliche 1-st\u00fcndige Sitzung ist sorgf\u00e4ltig geplant, um einen entscheidenden Aspekt der Langlebigkeit und der geistigen Leistungsf\u00e4higkeit zu behandeln:<\/p>\n\n\n\n<p class=\"has-ast-global-color-2-color has-text-color has-link-color wp-elements-5e88793fa292f6f668b91a3559aa208a\"><strong>1. Erstes Treffen: Ersteinsch\u00e4tzung<\/strong><\/p>\n\n\n\n<ul class=\"wp-block-list\">\n<li>Auswertung der Frageb\u00f6gen<\/li>\n\n\n\n<li>Probleme erkennen<\/li>\n\n\n\n<li>Definition von Zielen und Priorit\u00e4ten<\/li>\n<\/ul>\n<\/div><\/div>\n\n<div style=\"height:57px\" aria-hidden=\"true\" class=\"wp-block-spacer\"><\/div>\n\n<div class=\"wp-block-media-text has-media-on-the-right is-stacked-on-mobile\" style=\"grid-template-columns:auto 43%\"><div class=\"wp-block-media-text__content\">\n<p class=\"has-ast-global-color-2-color has-text-color has-link-color wp-elements-3efafb3ae200f72c2f27b8726411071b\"><strong>2. Grundlagen der Vitalit\u00e4t, Langlebigkeit und Geistige Leistungsf\u00e4higkeit<\/strong><\/p>\n\n\n\n<ul style=\"line-height:2\" class=\"wp-block-list\">\n<li><strong>Nahrhaftes Essen<\/strong>: W\u00e4hlen Sie Lebensmittel, die Ihnen Vitalit\u00e4t verleihen und essen Sie mit Genuss. Farben auf dem Teller bedeuten eine Vielfalt an N\u00e4hrstoffen; holen Sie das Beste aus dem Gem\u00fcse heraus!<\/li>\n\n\n\n<li><strong>K\u00f6rper in Bewegung<\/strong>: Tanzen Sie, laufen Sie, beugen Sie sich oder gehen Sie einfach. Ein aktiver K\u00f6rper unterst\u00fctzt einen lebendigen Geist.<\/li>\n\n\n\n<li><strong>Erholsamer Schlaf<\/strong>: Tanken Sie hochwertigen Schlaf, lernen Sie sich zu entspannen und legen Sie eine n\u00e4chtliche Routine fest. W\u00e4hrend des Tiefschlafs erholt sich der K\u00f6rper und der Geist ordnet seine Gedanken.<\/li>\n\n\n\n<li><strong>Stressbew\u00e4ltigung<\/strong>: Beherrschen Sie Atem-, Entspannungs-, Visualisierungs- und pers\u00f6nliche Organisationstechniken, um die t\u00e4glichen Herausforderungen zu meistern.<\/li>\n\n\n\n<li><strong>Cultivate Connections<\/strong>: Verbessern Sie Ihre Kommunikation, \u00fcben Sie Empathie und Selbstregulierung und st\u00e4rken Sie Ihre Beziehungen. Treten Sie Gruppen mit gemeinsamen Interessen bei und kn\u00fcpfen Sie neue Kontakte. Beziehungen bereichern unsere Reise.<\/li>\n\n\n\n<li><strong>St\u00e4ndiges Lernen<\/strong>: Halten Sie Ihre Neugierde wach. Lernen Sie eine neue F\u00e4higkeit, besuchen Sie verschiedene Orte, schaffen Sie etwas und teilen Sie Ihr Wissen. Kontinuierliches Lernen n\u00e4hrt den Geist.<\/li>\n\n\n\n<li><strong>Achtsamkeit und Meditation<\/strong><em>:<\/em> Nehmen Sie sich Zeit f\u00fcr die Selbstbeobachtung. Achtsamkeit bringt Klarheit und erweitert Ihr Weltbild.<\/li>\n<\/ul>\n<\/div><figure class=\"wp-block-media-text__media\"><img loading=\"lazy\" decoding=\"async\" width=\"576\" height=\"1024\" src=\"https:\/\/intellivitahub.com\/wp-content\/uploads\/2024\/06\/Design-9-576x1024.png\" alt=\"\" class=\"wp-image-2250 size-full\" srcset=\"https:\/\/intellivitahub.com\/wp-content\/uploads\/2024\/06\/Design-9-576x1024.png 576w, https:\/\/intellivitahub.com\/wp-content\/uploads\/2024\/06\/Design-9-169x300.png 169w, https:\/\/intellivitahub.com\/wp-content\/uploads\/2024\/06\/Design-9-768x1365.png 768w, https:\/\/intellivitahub.com\/wp-content\/uploads\/2024\/06\/Design-9-864x1536.png 864w, https:\/\/intellivitahub.com\/wp-content\/uploads\/2024\/06\/Design-9-600x1067.png 600w, https:\/\/intellivitahub.com\/wp-content\/uploads\/2024\/06\/Design-9.png 1080w\" sizes=\"auto, (max-width: 576px) 100vw, 576px\" \/><\/figure><\/div>\n\n<div class=\"wp-block-media-text is-stacked-on-mobile\"><figure class=\"wp-block-media-text__media\"><img loading=\"lazy\" decoding=\"async\" width=\"576\" height=\"1024\" src=\"https:\/\/intellivitahub.com\/wp-content\/uploads\/2024\/06\/Design-9-2-576x1024.png\" alt=\"\" class=\"wp-image-2253 size-full\" srcset=\"https:\/\/intellivitahub.com\/wp-content\/uploads\/2024\/06\/Design-9-2-576x1024.png 576w, https:\/\/intellivitahub.com\/wp-content\/uploads\/2024\/06\/Design-9-2-169x300.png 169w, https:\/\/intellivitahub.com\/wp-content\/uploads\/2024\/06\/Design-9-2-768x1365.png 768w, https:\/\/intellivitahub.com\/wp-content\/uploads\/2024\/06\/Design-9-2-864x1536.png 864w, https:\/\/intellivitahub.com\/wp-content\/uploads\/2024\/06\/Design-9-2-600x1067.png 600w, https:\/\/intellivitahub.com\/wp-content\/uploads\/2024\/06\/Design-9-2.png 1080w\" sizes=\"auto, (max-width: 576px) 100vw, 576px\" \/><\/figure><div class=\"wp-block-media-text__content\">\n<div class=\"wp-block-uagb-advanced-heading uagb-block-e3161995\"><h2 class=\"uagb-heading-text\">Unterschiede in der Beratung<\/h2><\/div>\n\n\n\n<ul style=\"line-height:2\" class=\"wp-block-list\">\n<li><strong>Personalisierung<\/strong>: Jede Sitzung wird auf Ihre speziellen Bed\u00fcrfnisse zugeschnitten.<\/li>\n\n\n\n<li><strong>Bew\u00e4hrte Ergebnisse<\/strong>: Unsere Praktiken basieren auf wissenschaftlichen Erkenntnissen und seit Jahrtausenden bew\u00e4hrten Verfahren.<\/li>\n\n\n\n<li><strong>Laufende Unterst\u00fctzung<\/strong>: W\u00f6chentliche Nachfassaktionen, um sicherzustellen, dass Sie auf dem richtigen Weg sind.<\/li>\n\n\n\n<li><strong>Integrierter Blick<\/strong>: Wir sprechen alle Aspekte Ihres Lebens an, um eine vollst\u00e4ndige Transformation zu erreichen.<\/li>\n<\/ul>\n\n\n\n<div style=\"height:82px\" aria-hidden=\"true\" class=\"wp-block-spacer\"><\/div>\n\n\n\n<p class=\"has-ast-global-color-2-color has-text-color has-link-color has-medium-font-size wp-elements-feef6645fb8ae843eecdb7fbcc011d60\"><strong>Investition<\/strong><\/p>\n\n\n\n<p>Vollst\u00e4ndiges Programm mit 12 w\u00f6chentlichen Treffen (3 Monate)<\/p>\n\n\n\n<p><\/p>\n\n\n\n<p>Setzen Sie sich mit uns in Verbindung, um Informationen \u00fcber Beratungspl\u00e4ne zu erhalten. Ich bin hier, um Ihnen zu helfen, Ihre Reise der Transformation zu beginnen.<\/p>\n<\/div><\/div>\n\n<div class=\"wp-block-uagb-call-to-action uagb-block-6a380342 wp-block-button\"><div class=\"uagb-cta__wrap\"><h3 class=\"uagb-cta__title\">Haben Sie Zweifel? Nehmen Sie Kontakt auf.<\/h3><p class=\"uagb-cta__desc\"><br\/>Sind Sie bereit, Ihr Leben zu ver\u00e4ndern? Setzen Sie sich mit uns in Verbindung, um ein erstes Beratungsgespr\u00e4ch zu vereinbaren und herauszufinden, welches Beratungsprogramm f\u00fcr Sie am besten geeignet ist, um Ihre Ziele in Bezug auf Vitalit\u00e4t, Langlebigkeit und geistige Leistungsf\u00e4higkeit zu erreichen. Das Programm kann an Ihre speziellen Bed\u00fcrfnisse angepasst werden.<br\/><br\/><\/p><\/div><div class=\"uagb-cta__buttons\"><a href=\"https:\/\/intellivitahub.com\/de\/kontakt\/\" class=\"uagb-cta__button-link-wrapper wp-block-button__link\" target=\"_self\" rel=\"noopener noreferrer\">Kontakte<svg xmlns=\"https:\/\/www.w3.org\/2000\/svg\" viewbox=\"0 0 512 512\"><path d=\"M504.3 273.6l-112.1 104c-6.992 6.484-17.18 8.218-25.94 4.406c-8.758-3.812-14.42-12.45-14.42-21.1L351.9 288H32C14.33 288 .0002 273.7 .0002 255.1S14.33 224 32 224h319.9l0-72c0-9.547 5.66-18.19 14.42-22c8.754-3.809 18.95-2.075 25.94 4.41l112.1 104C514.6 247.9 514.6 264.1 504.3 273.6z\"><\/path><\/svg><\/a><\/div><\/div>\n\n<div style=\"height:100px\" aria-hidden=\"true\" class=\"wp-block-spacer\"><\/div>\n","protected":false},"excerpt":{"rendered":"<p>IntelliVita-Beratung Wir bieten eine pers\u00f6nliche Beratung, die \u00fcber konventionelle L\u00f6sungen hinausgeht. Unser 12-Wochen-Programm wurde entwickelt, um Ihren gesamten Tagesablauf zu bewerten und zu optimieren, und bietet eine transformative Reise in Richtung Vitalit\u00e4t und Langlebigkeit.<\/p>\n","protected":false},"author":1,"featured_media":0,"parent":0,"menu_order":0,"comment_status":"closed","ping_status":"closed","template":"","meta":{"_uag_custom_page_level_css":"","site-sidebar-layout":"default","site-content-layout":"","ast-site-content-layout":"default","site-content-style":"default","site-sidebar-style":"default","ast-global-header-display":"","ast-banner-title-visibility":"","ast-main-header-display":"","ast-hfb-above-header-display":"","ast-hfb-below-header-display":"","ast-hfb-mobile-header-display":"","site-post-title":"disabled","ast-breadcrumbs-content":"","ast-featured-img":"","footer-sml-layout":"","ast-disable-related-posts":"","theme-transparent-header-meta":"","adv-header-id-meta":"","stick-header-meta":"","header-above-stick-meta":"","header-main-stick-meta":"","header-below-stick-meta":"","astra-migrate-meta-layouts":"default","ast-page-background-enabled":"default","ast-page-background-meta":{"desktop":{"background-color":"var(--ast-global-color-4)","background-image":"","background-repeat":"repeat","background-position":"center center","background-size":"auto","background-attachment":"scroll","background-type":"","background-media":"","overlay-type":"","overlay-color":"","overlay-opacity":"","overlay-gradient":""},"tablet":{"background-color":"","background-image":"","background-repeat":"repeat","background-position":"center center","background-size":"auto","background-attachment":"scroll","background-type":"","background-media":"","overlay-type":"","overlay-color":"","overlay-opacity":"","overlay-gradient":""},"mobile":{"background-color":"","background-image":"","background-repeat":"repeat","background-position":"center center","background-size":"auto","background-attachment":"scroll","background-type":"","background-media":"","overlay-type":"","overlay-color":"","overlay-opacity":"","overlay-gradient":""}},"ast-content-background-meta":{"desktop":{"background-color":"var(--ast-global-color-5)","background-image":"","background-repeat":"repeat","background-position":"center center","background-size":"auto","background-attachment":"scroll","background-type":"","background-media":"","overlay-type":"","overlay-color":"","overlay-opacity":"","overlay-gradient":""},"tablet":{"background-color":"var(--ast-global-color-5)","background-image":"","background-repeat":"repeat","background-position":"center center","background-size":"auto","background-attachment":"scroll","background-type":"","background-media":"","overlay-type":"","overlay-color":"","overlay-opacity":"","overlay-gradient":""},"mobile":{"background-color":"var(--ast-global-color-5)","background-image":"","background-repeat":"repeat","background-position":"center center","background-size":"auto","background-attachment":"scroll","background-type":"","background-media":"","overlay-type":"","overlay-color":"","overlay-opacity":"","overlay-gradient":""}},"footnotes":""},"class_list":["post-2710","page","type-page","status-publish","hentry"],"aioseo_notices":[],"uagb_featured_image_src":{"full":false,"thumbnail":false,"medium":false,"medium_large":false,"large":false,"1536x1536":false,"2048x2048":false},"uagb_author_info":{"display_name":"intellivitahub.com","author_link":"https:\/\/intellivitahub.com\/de\/author\/intellivitahub-com\/"},"uagb_comment_info":0,"uagb_excerpt":"IntelliVita-Beratung Wir bieten eine pers\u00f6nliche Beratung, die \u00fcber konventionelle L\u00f6sungen hinausgeht. Unser 12-Wochen-Programm wurde entwickelt, um Ihren gesamten Tagesablauf zu bewerten und zu optimieren, und bietet eine transformative Reise in Richtung Vitalit\u00e4t und Langlebigkeit.","_links":{"self":[{"href":"https:\/\/intellivitahub.com\/de\/wp-json\/wp\/v2\/pages\/2710","targetHints":{"allow":["GET"]}}],"collection":[{"href":"https:\/\/intellivitahub.com\/de\/wp-json\/wp\/v2\/pages"}],"about":[{"href":"https:\/\/intellivitahub.com\/de\/wp-json\/wp\/v2\/types\/page"}],"author":[{"embeddable":true,"href":"https:\/\/intellivitahub.com\/de\/wp-json\/wp\/v2\/users\/1"}],"replies":[{"embeddable":true,"href":"https:\/\/intellivitahub.com\/de\/wp-json\/wp\/v2\/comments?post=2710"}],"version-history":[{"count":7,"href":"https:\/\/intellivitahub.com\/de\/wp-json\/wp\/v2\/pages\/2710\/revisions"}],"predecessor-version":[{"id":3147,"href":"https:\/\/intellivitahub.com\/de\/wp-json\/wp\/v2\/pages\/2710\/revisions\/3147"}],"wp:attachment":[{"href":"https:\/\/intellivitahub.com\/de\/wp-json\/wp\/v2\/media?parent=2710"}],"curies":[{"name":"wp","href":"https:\/\/api.w.org\/{rel}","templated":true}]}}