{"id":3241,"date":"2025-09-18T16:42:21","date_gmt":"2025-09-18T14:42:21","guid":{"rendered":"https:\/\/intellivitahub.com\/veranstaltungen\/"},"modified":"2026-02-10T19:25:36","modified_gmt":"2026-02-10T18:25:36","slug":"veranstaltungen","status":"publish","type":"page","link":"https:\/\/intellivitahub.com\/de\/veranstaltungen\/","title":{"rendered":"Veranstaltungen"},"content":{"rendered":"\n<div style=\"height:100px\" aria-hidden=\"true\" class=\"wp-block-spacer\"><\/div>\n\n<h2 class=\"wp-block-heading has-text-align-center has-ast-global-color-2-color has-text-color has-link-color has-large-font-size wp-elements-2088e2754d294af82f123f9fb09f3bd2\"><strong>Pfad Stresstoleranz &#8211; Leistung im Studium und bei der Arbeit<\/strong><\/h2>\n\n<p class=\"has-ast-global-color-2-color has-text-color has-link-color wp-elements-655329b01565e66720f6a452d77d58dd\">Ein praktischer Kurs, der auf wissenschaftlichen Erkenntnissen und alten Werkzeugen basiert, die f\u00fcr den t\u00e4glichen Gebrauch angepasst wurden, um Konzentration, geistige Energie und Stressmanagement zu verbessern.<\/p>\n\n<div style=\"height:57px\" aria-hidden=\"true\" class=\"wp-block-spacer\"><\/div>\n\n<div class=\"wp-block-cover\"><img loading=\"lazy\" decoding=\"async\" width=\"1024\" height=\"682\" class=\"wp-block-cover__image-background wp-image-3317 size-large\" alt=\"\" src=\"https:\/\/intellivitahub.com\/wp-content\/uploads\/2026\/01\/groupWorking-1024x682.jpg\" data-object-fit=\"cover\" srcset=\"https:\/\/intellivitahub.com\/wp-content\/uploads\/2026\/01\/groupWorking-1024x682.jpg 1024w, https:\/\/intellivitahub.com\/wp-content\/uploads\/2026\/01\/groupWorking-300x200.jpg 300w, https:\/\/intellivitahub.com\/wp-content\/uploads\/2026\/01\/groupWorking-768x512.jpg 768w, https:\/\/intellivitahub.com\/wp-content\/uploads\/2026\/01\/groupWorking.jpg 1048w\" sizes=\"auto, (max-width: 1024px) 100vw, 1024px\" \/><span aria-hidden=\"true\" class=\"wp-block-cover__background has-background-dim\" style=\"background-color:#736665\"><\/span><div class=\"wp-block-cover__inner-container is-layout-flow wp-block-cover-is-layout-flow\">\n<div class=\"wp-block-group is-layout-constrained wp-block-group-is-layout-constrained\">\n<div class=\"wp-block-columns is-layout-flex wp-container-core-columns-is-layout-28f84493 wp-block-columns-is-layout-flex\">\n<div class=\"wp-block-column is-layout-flow wp-block-column-is-layout-flow\" style=\"flex-basis:100%\">\n<div class=\"wp-block-columns is-layout-flex wp-container-core-columns-is-layout-28f84493 wp-block-columns-is-layout-flex\">\n<div class=\"wp-block-column is-layout-flow wp-block-column-is-layout-flow\" style=\"flex-basis:50%\">\n<pre class=\"wp-block-preformatted has-ast-global-color-2-color has-white-background-color has-text-color has-background\" style=\"border-width:7px;border-top-left-radius:17px;border-top-right-radius:17px;border-bottom-left-radius:17px;border-bottom-right-radius:17px;margin-top:0;margin-right:0;margin-bottom:0;margin-left:0;padding-top:var(--wp--preset--spacing--20);padding-right:var(--wp--preset--spacing--50);padding-bottom:var(--wp--preset--spacing--20);padding-left:var(--wp--preset--spacing--50)\"><strong>Wann<\/strong>: jeden Dienstag, 19:30-20:30<br\/><strong>Von<\/strong>: 10. Februar bis 24. M\u00e4rz (7 Sitzungen)<br\/><strong>Wo:<\/strong> online, live (interaktiv)<br\/><strong>Pl\u00e4tze: <\/strong>maximal 15 Teilnehmer<br\/><strong>Paketpreis<\/strong>: \u20ac70<\/pre>\n<\/div>\n\n\n\n<div class=\"wp-block-column is-vertically-aligned-center is-layout-flow wp-block-column-is-layout-flow\" style=\"flex-basis:50%\">\n<div class=\"wp-block-uagb-buttons uagb-buttons__outer-wrap uagb-btn__default-btn uagb-btn-tablet__default-btn uagb-btn-mobile__default-btn uagb-block-853e62eb\"><div class=\"uagb-buttons__wrap uagb-buttons-layout-wrap \">\n<div data-aos= \"flip-left\" data-aos-duration=\"400\" data-aos-delay=\"0\" data-aos-easing=\"ease\" data-aos-once=\"true\" class=\"wp-block-uagb-buttons-child uagb-buttons__outer-wrap uagb-block-47929fce wp-block-button\"><div class=\"uagb-button__wrapper\"><a class=\"uagb-buttons-repeater wp-block-button__link\" aria-label=\"\" href=\"https:\/\/forms.gle\/Te9jdybtuaCQf8z26\" rel=\"follow noopener\" target=\"_blank\" role=\"button\"><div class=\"uagb-button__link\">Warteliste<\/div><\/a><\/div><\/div>\n<\/div><\/div>\n<\/div>\n<\/div>\n<\/div>\n<\/div>\n<\/div>\n<\/div><\/div>\n\n<div style=\"height:49px\" aria-hidden=\"true\" class=\"wp-block-spacer\"><\/div>\n\n<div class=\"wp-block-columns is-layout-flex wp-container-core-columns-is-layout-28f84493 wp-block-columns-is-layout-flex\">\n<div class=\"wp-block-column is-layout-flow wp-block-column-is-layout-flow\" style=\"flex-basis:50%\">\n<h3 class=\"wp-block-heading has-ast-global-color-2-color has-text-color has-link-color wp-elements-75166a63cd52f8681dbb6d3d025dff40\">Free Live &#8211; 3. Februar, 19:30<\/h3>\n\n\n\n<p>2 praktische Tools zur Aufrechterhaltung der Leistung unter Druck<\/p>\n\n\n\n<ul class=\"wp-block-list\">\n<li>Praktischer Inhalt + gef\u00fchrte \u00dcbung (einfach und vor Ort anwendbar)<\/li>\n\n\n\n<li>Ideal f\u00fcr diejenigen, die den Ansatz vor der Reise live sehen m\u00f6chten<\/li>\n<\/ul>\n<\/div>\n\n\n\n<div class=\"wp-block-column is-vertically-aligned-center is-layout-flow wp-block-column-is-layout-flow\" style=\"flex-basis:50%\">\n<div class=\"wp-block-uagb-buttons uagb-buttons__outer-wrap uagb-btn__default-btn uagb-btn-tablet__default-btn uagb-btn-mobile__default-btn uagb-block-e153fc9f\"><div class=\"uagb-buttons__wrap uagb-buttons-layout-wrap \">\n<div data-aos= \"flip-down\" data-aos-duration=\"400\" data-aos-delay=\"0\" data-aos-easing=\"ease\" data-aos-once=\"true\" class=\"wp-block-uagb-buttons-child uagb-buttons__outer-wrap uagb-block-7cc6a328 wp-block-button\"><div class=\"uagb-button__wrapper\"><a class=\"uagb-buttons-repeater wp-block-button__link\" aria-label=\"\" href=\"&lt;!--[CDATA[https:\/\/youtu.be\/TkU_TrdEBFY]]--&gt;\" rel=\"follow noopener\" target=\"_blank\" role=\"button\"><div class=\"uagb-button__link\">Aufzeichnung ansehen<\/div><\/a><\/div><\/div>\n<\/div><\/div>\n<\/div>\n<\/div>\n\n<h3 class=\"wp-block-heading has-ast-global-color-2-color has-text-color has-link-color wp-elements-21b07a471d65335875c8b250ff78835b\">F\u00fcr wen es bestimmt ist<\/h3>\n\n<ul class=\"wp-block-list\">\n<li><strong>Studenten:<\/strong> Druck, Pr\u00fcfungen, Prokrastination, Konzentrationsschw\u00e4che unter Stress<\/li>\n\n\n\n<li><strong>Fachleute:<\/strong> mentale Belastung, nachhaltige Leistung, Grenzen und Erholung<\/li>\n\n\n\n<li>Diejenigen, die praktische Hilfsmittel und eine kleine Gruppe suchen und nicht nur einen weiteren Kurs besuchen m\u00f6chten<\/li>\n<\/ul>\n\n<div style=\"height:31px\" aria-hidden=\"true\" class=\"wp-block-spacer\"><\/div>\n\n<h3 class=\"wp-block-heading\">Was Sie mit nach Hause nehmen<\/h3>\n\n<ul class=\"wp-block-list\">\n<li>eine grundlegende Routine, um die Reaktivit\u00e4t zu reduzieren und die Stresstoleranz zu erh\u00f6hen<\/li>\n\n\n\n<li>gef\u00fchrte \u00dcbungen f\u00fcr Atmung, Aufmerksamkeit und emotionale Umprogrammierung<\/li>\n\n\n\n<li>Strategien zum Schlafen\/Erholen und Vermeiden eines Zusammenbruchs nach intensiven Tagen<\/li>\n\n\n\n<li>Werkzeuge f\u00fcr Grenzen und Priorit\u00e4ten<\/li>\n<\/ul>\n\n<div style=\"height:31px\" aria-hidden=\"true\" class=\"wp-block-spacer\"><\/div>\n\n<h3 class=\"wp-block-heading\">Programm (7 Sitzungen)<\/h3>\n\n<ol class=\"wp-block-list\">\n<li>Gewohnheiten \u00e4ndern<\/li>\n\n\n\n<li>Gehirn und Atmung<\/li>\n\n\n\n<li>Achtsamkeit und Meditation<\/li>\n\n\n\n<li>K\u00f6rperliche Intelligenz<\/li>\n\n\n\n<li>Schlaf und Entspannung<\/li>\n\n\n\n<li>Nahrung und Entschlackung<\/li>\n\n\n\n<li>Definieren Sie Ihre Grenzen<\/li>\n<\/ol>\n\n<div style=\"height:31px\" aria-hidden=\"true\" class=\"wp-block-spacer\"><\/div>\n\n<h3 class=\"wp-block-heading\">Wie es funktioniert<\/h3>\n\n<ul class=\"wp-block-list\">\n<li>100% Live-Sitzungen mit \u00dcbungen und Momenten des Austauschs<\/li>\n\n\n\n<li>Keine Aufnahmen (um Interaktion zu f\u00f6rdern und die Privatsph\u00e4re zu sch\u00fctzen)<\/li>\n\n\n\n<li>Unterst\u00fctzende Materialien, die w\u00e4hrend des Kurses verteilt werden<\/li>\n\n\n\n<li>Optionale WhatsApp-Gruppe (Opt-in), um den Austausch von Ideen fortzusetzen und zus\u00e4tzliche Materialien zu erhalten<\/li>\n<\/ul>\n\n<div style=\"height:31px\" aria-hidden=\"true\" class=\"wp-block-spacer\"><\/div>\n\n<h3 class=\"wp-block-heading\">Anmeldung und Bezahlung<\/h3>\n\n<ol class=\"wp-block-list\">\n<li>F\u00fcllen Sie das Anmeldeformular aus<\/li>\n\n\n\n<li>\u00dcberweisen Sie \u20ac70<\/li>\n\n\n\n<li>Sie erhalten eine Best\u00e4tigung per E-Mail<\/li>\n<\/ol>\n\n<p><strong>IBAN:<\/strong> IT79G0326822300052210324700 <br\/><strong>Eigent\u00fcmer: <\/strong>Intellivita ETS<br\/><strong>Grund:<\/strong> &#8222;Stresstoleranzanmeldung &#8211; Vorname Nachname&#8220;<\/p>\n\n<ul class=\"wp-block-list\">\n<li>Die Stelle wird erst nach Eingang der Bank\u00fcberweisung best\u00e4tigt.<\/li>\n<\/ul>\n\n<div class=\"wp-block-columns is-layout-flex wp-container-core-columns-is-layout-28f84493 wp-block-columns-is-layout-flex\">\n<div class=\"wp-block-column is-layout-flow wp-block-column-is-layout-flow\" style=\"flex-basis:100%\">\n<div class=\"wp-block-buttons alignwide is-content-justification-center is-layout-flex wp-container-core-buttons-is-layout-a89b3969 wp-block-buttons-is-layout-flex\">\n<div class=\"wp-block-button is-style-fill\" id=\"https:\/\/shorturl.at\/rzttA\"><a class=\"wp-block-button__link wp-element-button\" href=\"https:\/\/forms.gle\/Te9jdybtuaCQf8z26\">Warteliste<\/a><\/div>\n<\/div>\n<\/div>\n<\/div>\n\n<h3 class=\"wp-block-heading\">H\u00e4ufig gestellte Fragen<\/h3>\n\n<p><strong>Warum gibt es keine Aufnahmen?<br\/><\/strong>Denn der Kurs basiert auf Interaktion, Austausch und angeleiteter Praxis. Der Verzicht auf Aufnahmen sch\u00fctzt auch die Privatsph\u00e4re der Teilnehmer und die Qualit\u00e4t des Austauschs. Aus diesem Grund hat die Gruppe eine begrenzte Anzahl von Pl\u00e4tzen.  <\/p>\n\n<p><strong>Kann ich mich auch anmelden, wenn ich sp\u00e4ter anfange?<\/strong><br\/>Ja, jeder Workshop ist unabh\u00e4ngig. Wenn noch Pl\u00e4tze frei sind, ist es m\u00f6glich, nur an einer Sitzung teilzunehmen. <\/p>\n\n<p><strong>Ist es m\u00f6glich, nur an einem Workshop teilzunehmen?<\/strong><br\/>Ja, falls verf\u00fcgbar: 15 \u20ac pro Workshop. Bitte geben Sie bei der Anmeldung das Thema an, an dem Sie teilnehmen m\u00f6chten. <\/p>\n\n<p><strong>Was ist, wenn ich einen Termin verpasse?<\/strong><br\/>Sie k\u00f6nnen diesen Workshop im n\u00e4chsten Zyklus wiederholen (je nach Verf\u00fcgbarkeit), ohne dass die wichtigsten Inhalte des Kurses verloren gehen.<\/p>\n\n<p><strong>Wie funktioniert die WhatsApp-Gruppe?<\/strong><br\/>Sie ist optional (Opt-in) und dient dazu, den Austausch fortzusetzen und zus\u00e4tzliches Material zu erhalten. Sie k\u00f6nnen der Gruppe beitreten\/aussteigen, wann immer Sie m\u00f6chten. Wenn die Gruppe in einem sp\u00e4teren Modul fortgesetzt wird, werden Sie um eine neue Zustimmung zur Teilnahme gebeten.  <\/p>\n\n<p><strong>Stornierungsbedingungen<\/strong><br\/>Stornierung bis zu 48 Stunden im Voraus m\u00f6glich (R\u00fcckerstattung), ansonsten Gutschrift f\u00fcr einen anderen Zyklus\/Modul.<\/p>\n\n<p><\/p>\n","protected":false},"excerpt":{"rendered":"<p>Pfad Stresstoleranz &#8211; Leistung im Studium und bei der Arbeit Ein praktischer Kurs, der auf wissenschaftlichen Erkenntnissen und alten Werkzeugen basiert, die f\u00fcr den t\u00e4glichen Gebrauch angepasst wurden, um Konzentration, geistige Energie und Stressmanagement zu verbessern. Free Live &#8211; 3. Februar, 19:30 2 praktische Tools zur Aufrechterhaltung der Leistung unter Druck F\u00fcr wen es bestimmt [&hellip;]<\/p>\n","protected":false},"author":1,"featured_media":0,"parent":0,"menu_order":0,"comment_status":"closed","ping_status":"closed","template":"","meta":{"_uag_custom_page_level_css":"","site-sidebar-layout":"default","site-content-layout":"","ast-site-content-layout":"default","site-content-style":"default","site-sidebar-style":"default","ast-global-header-display":"","ast-banner-title-visibility":"","ast-main-header-display":"","ast-hfb-above-header-display":"","ast-hfb-below-header-display":"","ast-hfb-mobile-header-display":"","site-post-title":"disabled","ast-breadcrumbs-content":"","ast-featured-img":"","footer-sml-layout":"","ast-disable-related-posts":"","theme-transparent-header-meta":"","adv-header-id-meta":"","stick-header-meta":"","header-above-stick-meta":"","header-main-stick-meta":"","header-below-stick-meta":"","astra-migrate-meta-layouts":"default","ast-page-background-enabled":"default","ast-page-background-meta":{"desktop":{"background-color":"var(--ast-global-color-4)","background-image":"","background-repeat":"repeat","background-position":"center center","background-size":"auto","background-attachment":"scroll","background-type":"","background-media":"","overlay-type":"","overlay-color":"","overlay-opacity":"","overlay-gradient":""},"tablet":{"background-color":"","background-image":"","background-repeat":"repeat","background-position":"center center","background-size":"auto","background-attachment":"scroll","background-type":"","background-media":"","overlay-type":"","overlay-color":"","overlay-opacity":"","overlay-gradient":""},"mobile":{"background-color":"","background-image":"","background-repeat":"repeat","background-position":"center center","background-size":"auto","background-attachment":"scroll","background-type":"","background-media":"","overlay-type":"","overlay-color":"","overlay-opacity":"","overlay-gradient":""}},"ast-content-background-meta":{"desktop":{"background-color":"var(--ast-global-color-5)","background-image":"","background-repeat":"repeat","background-position":"center center","background-size":"auto","background-attachment":"scroll","background-type":"","background-media":"","overlay-type":"","overlay-color":"","overlay-opacity":"","overlay-gradient":""},"tablet":{"background-color":"var(--ast-global-color-5)","background-image":"","background-repeat":"repeat","background-position":"center center","background-size":"auto","background-attachment":"scroll","background-type":"","background-media":"","overlay-type":"","overlay-color":"","overlay-opacity":"","overlay-gradient":""},"mobile":{"background-color":"var(--ast-global-color-5)","background-image":"","background-repeat":"repeat","background-position":"center center","background-size":"auto","background-attachment":"scroll","background-type":"","background-media":"","overlay-type":"","overlay-color":"","overlay-opacity":"","overlay-gradient":""}},"footnotes":""},"class_list":["post-3241","page","type-page","status-publish","hentry"],"aioseo_notices":[],"uagb_featured_image_src":{"full":false,"thumbnail":false,"medium":false,"medium_large":false,"large":false,"1536x1536":false,"2048x2048":false},"uagb_author_info":{"display_name":"intellivitahub.com","author_link":"https:\/\/intellivitahub.com\/de\/author\/intellivitahub-com\/"},"uagb_comment_info":0,"uagb_excerpt":"Pfad Stresstoleranz &#8211; Leistung im Studium und bei der Arbeit Ein praktischer Kurs, der auf wissenschaftlichen Erkenntnissen und alten Werkzeugen basiert, die f\u00fcr den t\u00e4glichen Gebrauch angepasst wurden, um Konzentration, geistige Energie und Stressmanagement zu verbessern. Free Live &#8211; 3. Februar, 19:30 2 praktische Tools zur Aufrechterhaltung der Leistung unter Druck F\u00fcr wen es bestimmt&hellip;","_links":{"self":[{"href":"https:\/\/intellivitahub.com\/de\/wp-json\/wp\/v2\/pages\/3241","targetHints":{"allow":["GET"]}}],"collection":[{"href":"https:\/\/intellivitahub.com\/de\/wp-json\/wp\/v2\/pages"}],"about":[{"href":"https:\/\/intellivitahub.com\/de\/wp-json\/wp\/v2\/types\/page"}],"author":[{"embeddable":true,"href":"https:\/\/intellivitahub.com\/de\/wp-json\/wp\/v2\/users\/1"}],"replies":[{"embeddable":true,"href":"https:\/\/intellivitahub.com\/de\/wp-json\/wp\/v2\/comments?post=3241"}],"version-history":[{"count":6,"href":"https:\/\/intellivitahub.com\/de\/wp-json\/wp\/v2\/pages\/3241\/revisions"}],"predecessor-version":[{"id":3348,"href":"https:\/\/intellivitahub.com\/de\/wp-json\/wp\/v2\/pages\/3241\/revisions\/3348"}],"wp:attachment":[{"href":"https:\/\/intellivitahub.com\/de\/wp-json\/wp\/v2\/media?parent=3241"}],"curies":[{"name":"wp","href":"https:\/\/api.w.org\/{rel}","templated":true}]}}