{"id":2689,"date":"2024-05-30T17:17:07","date_gmt":"2024-05-30T15:17:07","guid":{"rendered":"https:\/\/intellivitahub.com\/corsi\/"},"modified":"2025-07-23T20:56:35","modified_gmt":"2025-07-23T18:56:35","slug":"corsi","status":"publish","type":"page","link":"https:\/\/intellivitahub.com\/it\/corsi\/","title":{"rendered":"Corsi"},"content":{"rendered":"\n<div style=\"height:100px\" aria-hidden=\"true\" class=\"wp-block-spacer\"><\/div>\n\n<div class=\"wp-block-uagb-advanced-heading uagb-block-65a82b9e\"><h2 class=\"uagb-heading-text\">Approfondisci le tue conoscenze con i nostri corsi completi<\/h2><p class=\"uagb-desc-text\">Offriamo corsi completi che combinano teoria e pratica, garantendo un apprendimento profondo e trasformativo. I nostri corsi sono progettati per durare pi\u00f9 a lungo, consentendo uno studio pi\u00f9 approfondito della materia e un&#8217;applicazione pi\u00f9 dettagliata e pratica dei contenuti.<\/p><\/div>\n\n<div style=\"height:100px\" aria-hidden=\"true\" class=\"wp-block-spacer\"><\/div>\n\n<div class=\"wp-block-media-text is-stacked-on-mobile\"><figure class=\"wp-block-media-text__media\"><img loading=\"lazy\" decoding=\"async\" width=\"576\" height=\"1024\" src=\"https:\/\/intellivitahub.com\/wp-content\/uploads\/2024\/06\/Design-9-3-576x1024.png\" alt=\"\" class=\"wp-image-2259 size-full\" srcset=\"https:\/\/intellivitahub.com\/wp-content\/uploads\/2024\/06\/Design-9-3-576x1024.png 576w, https:\/\/intellivitahub.com\/wp-content\/uploads\/2024\/06\/Design-9-3-169x300.png 169w, https:\/\/intellivitahub.com\/wp-content\/uploads\/2024\/06\/Design-9-3-768x1365.png 768w, https:\/\/intellivitahub.com\/wp-content\/uploads\/2024\/06\/Design-9-3-864x1536.png 864w, https:\/\/intellivitahub.com\/wp-content\/uploads\/2024\/06\/Design-9-3-600x1067.png 600w, https:\/\/intellivitahub.com\/wp-content\/uploads\/2024\/06\/Design-9-3.png 1080w\" sizes=\"auto, (max-width: 576px) 100vw, 576px\" \/><\/figure><div class=\"wp-block-media-text__content\">\n<h3 class=\"wp-block-heading has-ast-global-color-0-color has-text-color has-link-color wp-elements-3bb49b9c55c5938c38747fa0ab060db4\">I nostri corsi<\/h3>\n\n\n\n<h4 class=\"wp-block-heading\"><strong>Corso di alimentazione intelligente<\/strong><\/h4>\n\n\n\n<ul class=\"wp-block-list\">\n<li><strong>Durata<\/strong>: 4 ore<\/li>\n\n\n\n<li><strong>Descrizione<\/strong>: Impara le basi dei nutrienti e come rendere il cibo pi\u00f9 piacevole scegliendo gli ingredienti migliori, le loro proporzioni e come cucinarli. Include la parte pratica di cottura di un piatto, una sessione di degustazione e la costruzione di un piano alimentare mensile.<\/li>\n\n\n\n<li><strong>Contenuto<\/strong>:\n<ul class=\"wp-block-list\">\n<li>I nutrienti e il corpo umano<\/li>\n\n\n\n<li>Scelta e proporzione degli ingredienti<\/li>\n\n\n\n<li>Tecniche di cottura<\/li>\n\n\n\n<li>Parte pratica: preparare un piatto e usare le spezie<\/li>\n\n\n\n<li>Costruire un piano pasti<\/li>\n<\/ul>\n<\/li>\n<\/ul>\n\n\n\n<h4 class=\"wp-block-heading\"><strong>Corso di purificazione organica<\/strong><\/h4>\n\n\n\n<ul class=\"wp-block-list\">\n<li><strong>Durata<\/strong>: da 1 a 2 settimane<\/li>\n\n\n\n<li><strong>Descrizione<\/strong>: Scopri come il corpo si ricicla e come ottimizzarlo con un piano alimentare e tecniche specifiche. Include un piano da 1 settimana a 15 giorni con alimenti e tecniche di depurazione.<\/li>\n\n\n\n<li><strong>Contenuto<\/strong>:\n<ul class=\"wp-block-list\">\n<li>Introduzione alla purificazione organica<\/li>\n\n\n\n<li>Processi naturali per disintossicare l&#8217;organismo<\/li>\n\n\n\n<li>Piano alimentare specifico per la depurazione<\/li>\n\n\n\n<li>Tecniche di supporto alla purificazione<\/li>\n\n\n\n<li>Programma da 1 settimana a 15 giorni<\/li>\n<\/ul>\n<\/li>\n<\/ul>\n<\/div><\/div>\n\n<div style=\"height:75px\" aria-hidden=\"true\" class=\"wp-block-spacer\"><\/div>\n\n<div class=\"wp-block-media-text has-media-on-the-right is-stacked-on-mobile\"><div class=\"wp-block-media-text__content\">\n<h4 class=\"wp-block-heading\"><strong>Corso sulla connessione intestino-cervello<\/strong><\/h4>\n\n\n\n<ul class=\"wp-block-list\">\n<li><strong>Durata<\/strong>: 4 ore<\/li>\n\n\n\n<li><strong>Descrizione<\/strong>: Ottimizza la performance mentale grazie alla connessione tra l&#8217;intestino e il cervello. Scopri come un microbiota intestinale sano pu\u00f2 migliorare la tua cognizione, ridurre lo stress e aumentare la tua energia. Strategie nutrizionali, tecniche di gestione dello stress e piani personalizzati per ottimizzare le tue prestazioni mentali.  <\/li>\n\n\n\n<li><strong>Contenuto<\/strong>:\n<ul class=\"wp-block-list\">\n<li>Introduzione alla connessione intestino-cervello<\/li>\n\n\n\n<li>Il microbiota intestinale e la comunicazione con il cervello<\/li>\n\n\n\n<li>La nutrizione del microbiota intestinale<\/li>\n\n\n\n<li>Infiammazione e chiarezza mentale<\/li>\n\n\n\n<li>Lo stress e l&#8217;asse intestino-cervello<\/li>\n\n\n\n<li>Stile di vita per ottimizzare la connessione intestino-cervello<\/li>\n<\/ul>\n<\/li>\n<\/ul>\n<\/div><figure class=\"wp-block-media-text__media\"><img loading=\"lazy\" decoding=\"async\" width=\"800\" height=\"450\" src=\"https:\/\/intellivitahub.com\/wp-content\/uploads\/2024\/05\/healthy-gut-bacteria.jpeg\" alt=\"\" class=\"wp-image-2212 size-full\" srcset=\"https:\/\/intellivitahub.com\/wp-content\/uploads\/2024\/05\/healthy-gut-bacteria.jpeg 800w, https:\/\/intellivitahub.com\/wp-content\/uploads\/2024\/05\/healthy-gut-bacteria-300x169.jpeg 300w, https:\/\/intellivitahub.com\/wp-content\/uploads\/2024\/05\/healthy-gut-bacteria-768x432.jpeg 768w, https:\/\/intellivitahub.com\/wp-content\/uploads\/2024\/05\/healthy-gut-bacteria-600x338.jpeg 600w\" sizes=\"auto, (max-width: 800px) 100vw, 800px\" \/><\/figure><\/div>\n\n<div style=\"height:42px\" aria-hidden=\"true\" class=\"wp-block-spacer\"><\/div>\n\n<h3 class=\"wp-block-heading has-ast-global-color-0-color has-text-color has-link-color wp-elements-f8b3f12ed4dc75b5e63c6fcc5a556ac2\">Differenziali dei nostri corsi<\/h3>\n\n<ul class=\"wp-block-list\">\n<li><strong>Aggiornamento costante<\/strong>: i nostri contenuti vengono aggiornati costantemente, garantendoti l&#8217;accesso alle informazioni pi\u00f9 aggiornate e rilevanti.<\/li>\n\n\n\n<li><strong>Contenuti curati e comprovati<\/strong>: abbiamo selezionato rigorosamente il materiale del corso, concentrandoci non solo su ci\u00f2 che \u00e8 dimostrato da molteplici prove scientifiche, ma anche su pratiche e conoscenze empiricamente provate da societ\u00e0 antiche nel corso di centinaia o migliaia di anni.<\/li>\n\n\n\n<li><strong>Linguaggio accessibile<\/strong>: sebbene i contenuti siano approfonditi e completi, sono presentati con un linguaggio chiaro e di facile comprensione, che ne facilita l&#8217;apprendimento da parte di tutti.<\/li>\n\n\n\n<li><strong>Applicabilit\u00e0 pratica<\/strong>: il corso \u00e8 stato progettato per essere estremamente pratico, con strategie e tecniche che potrai applicare immediatamente per ottenere risultati tangibili.<\/li>\n\n\n\n<li><strong>Trasformazione reale<\/strong>: il nostro obiettivo \u00e8 quello di portare una trasformazione duratura nella tua vita offrendoti strumenti e conoscenze che promuovono un cambiamento significativo e sostenibile.<\/li>\n\n\n\n<li><strong>Supporto e follow-up<\/strong>: offriamo un supporto continuo e un follow-up personalizzato per assicurarci che tu sia sulla strada giusta e possa trarre il massimo dal corso.<\/li>\n\n\n\n<li><strong>Interattivit\u00e0 e coinvolgimento<\/strong>: lezioni interattive e sessioni di domande e risposte per garantire un apprendimento dinamico e coinvolgente.<\/li>\n<\/ul>\n\n<div style=\"height:42px\" aria-hidden=\"true\" class=\"wp-block-spacer\"><\/div>\n\n<h3 class=\"wp-block-heading has-ast-global-color-0-color has-text-color has-link-color wp-elements-907c4796fac67de86403f2e6d4ddab01\">Investimenti<\/h3>\n\n<p>Contattaci per maggiori informazioni.<\/p>\n\n<p>Di persona o online<\/p>\n\n<div style=\"height:53px\" aria-hidden=\"true\" class=\"wp-block-spacer\"><\/div>\n\n<div class=\"wp-block-uagb-call-to-action uagb-block-027fe38f wp-block-button\"><div class=\"uagb-cta__wrap\"><h3 class=\"uagb-cta__title\">Iscriviti ora<\/h3><p class=\"uagb-cta__desc\">Sei pronto ad approfondire le tue conoscenze e a trasformare la tua vita con i nostri corsi completi? Contattaci per scoprire le prossime date e iniziare il tuo viaggio di apprendimento!<br\/><br\/>Non riesci a trovare l&#8217;argomento che stai cercando? Contattaci e creeremo un corso personalizzato in base alle tue esigenze.<\/p><\/div><div class=\"uagb-cta__buttons\"><a href=\"https:\/\/intellivitahub.com\/it\/contatto\/\" class=\"uagb-cta__button-link-wrapper wp-block-button__link\" target=\"_self\" rel=\"noopener noreferrer\">contatti<svg xmlns=\"https:\/\/www.w3.org\/2000\/svg\" viewbox=\"0 0 512 512\"><path d=\"M504.3 273.6l-112.1 104c-6.992 6.484-17.18 8.218-25.94 4.406c-8.758-3.812-14.42-12.45-14.42-21.1L351.9 288H32C14.33 288 .0002 273.7 .0002 255.1S14.33 224 32 224h319.9l0-72c0-9.547 5.66-18.19 14.42-22c8.754-3.809 18.95-2.075 25.94 4.41l112.1 104C514.6 247.9 514.6 264.1 504.3 273.6z\"><\/path><\/svg><\/a><\/div><\/div>\n\n<div style=\"height:61px\" aria-hidden=\"true\" class=\"wp-block-spacer\"><\/div>\n","protected":false},"excerpt":{"rendered":"<p>Approfondisci le tue conoscenze con i nostri corsi completi Offriamo corsi completi che combinano teoria e pratica, garantendo un apprendimento profondo e trasformativo. I nostri corsi sono progettati per durare pi\u00f9 a lungo, consentendo uno studio pi\u00f9 approfondito della materia e un&#8217;applicazione pi\u00f9 dettagliata e pratica dei contenuti. Differenziali dei nostri corsi Investimenti Contattaci per [&hellip;]<\/p>\n","protected":false},"author":1,"featured_media":0,"parent":0,"menu_order":0,"comment_status":"closed","ping_status":"closed","template":"","meta":{"_uag_custom_page_level_css":"","site-sidebar-layout":"default","site-content-layout":"","ast-site-content-layout":"default","site-content-style":"default","site-sidebar-style":"default","ast-global-header-display":"","ast-banner-title-visibility":"","ast-main-header-display":"","ast-hfb-above-header-display":"","ast-hfb-below-header-display":"","ast-hfb-mobile-header-display":"","site-post-title":"","ast-breadcrumbs-content":"","ast-featured-img":"","footer-sml-layout":"","ast-disable-related-posts":"","theme-transparent-header-meta":"","adv-header-id-meta":"","stick-header-meta":"","header-above-stick-meta":"","header-main-stick-meta":"","header-below-stick-meta":"","astra-migrate-meta-layouts":"default","ast-page-background-enabled":"default","ast-page-background-meta":{"desktop":{"background-color":"var(--ast-global-color-4)","background-image":"","background-repeat":"repeat","background-position":"center center","background-size":"auto","background-attachment":"scroll","background-type":"","background-media":"","overlay-type":"","overlay-color":"","overlay-opacity":"","overlay-gradient":""},"tablet":{"background-color":"","background-image":"","background-repeat":"repeat","background-position":"center center","background-size":"auto","background-attachment":"scroll","background-type":"","background-media":"","overlay-type":"","overlay-color":"","overlay-opacity":"","overlay-gradient":""},"mobile":{"background-color":"","background-image":"","background-repeat":"repeat","background-position":"center center","background-size":"auto","background-attachment":"scroll","background-type":"","background-media":"","overlay-type":"","overlay-color":"","overlay-opacity":"","overlay-gradient":""}},"ast-content-background-meta":{"desktop":{"background-color":"var(--ast-global-color-5)","background-image":"","background-repeat":"repeat","background-position":"center center","background-size":"auto","background-attachment":"scroll","background-type":"","background-media":"","overlay-type":"","overlay-color":"","overlay-opacity":"","overlay-gradient":""},"tablet":{"background-color":"var(--ast-global-color-5)","background-image":"","background-repeat":"repeat","background-position":"center center","background-size":"auto","background-attachment":"scroll","background-type":"","background-media":"","overlay-type":"","overlay-color":"","overlay-opacity":"","overlay-gradient":""},"mobile":{"background-color":"var(--ast-global-color-5)","background-image":"","background-repeat":"repeat","background-position":"center center","background-size":"auto","background-attachment":"scroll","background-type":"","background-media":"","overlay-type":"","overlay-color":"","overlay-opacity":"","overlay-gradient":""}},"footnotes":""},"class_list":["post-2689","page","type-page","status-publish","hentry"],"aioseo_notices":[],"uagb_featured_image_src":{"full":false,"thumbnail":false,"medium":false,"medium_large":false,"large":false,"1536x1536":false,"2048x2048":false},"uagb_author_info":{"display_name":"intellivitahub.com","author_link":"https:\/\/intellivitahub.com\/it\/author\/intellivitahub-com\/"},"uagb_comment_info":0,"uagb_excerpt":"Approfondisci le tue conoscenze con i nostri corsi completi Offriamo corsi completi che combinano teoria e pratica, garantendo un apprendimento profondo e trasformativo. I nostri corsi sono progettati per durare pi\u00f9 a lungo, consentendo uno studio pi\u00f9 approfondito della materia e un&#8217;applicazione pi\u00f9 dettagliata e pratica dei contenuti. Differenziali dei nostri corsi Investimenti Contattaci per&hellip;","_links":{"self":[{"href":"https:\/\/intellivitahub.com\/it\/wp-json\/wp\/v2\/pages\/2689","targetHints":{"allow":["GET"]}}],"collection":[{"href":"https:\/\/intellivitahub.com\/it\/wp-json\/wp\/v2\/pages"}],"about":[{"href":"https:\/\/intellivitahub.com\/it\/wp-json\/wp\/v2\/types\/page"}],"author":[{"embeddable":true,"href":"https:\/\/intellivitahub.com\/it\/wp-json\/wp\/v2\/users\/1"}],"replies":[{"embeddable":true,"href":"https:\/\/intellivitahub.com\/it\/wp-json\/wp\/v2\/comments?post=2689"}],"version-history":[{"count":7,"href":"https:\/\/intellivitahub.com\/it\/wp-json\/wp\/v2\/pages\/2689\/revisions"}],"predecessor-version":[{"id":3145,"href":"https:\/\/intellivitahub.com\/it\/wp-json\/wp\/v2\/pages\/2689\/revisions\/3145"}],"wp:attachment":[{"href":"https:\/\/intellivitahub.com\/it\/wp-json\/wp\/v2\/media?parent=2689"}],"curies":[{"name":"wp","href":"https:\/\/api.w.org\/{rel}","templated":true}]}}