{"id":2696,"date":"2024-05-30T12:04:00","date_gmt":"2024-05-30T10:04:00","guid":{"rendered":"https:\/\/intellivitahub.com\/consulenza\/"},"modified":"2025-07-23T20:59:14","modified_gmt":"2025-07-23T18:59:14","slug":"consulenza","status":"publish","type":"page","link":"https:\/\/intellivitahub.com\/it\/consulenza\/","title":{"rendered":"Consulenza"},"content":{"rendered":"\n<div style=\"height:86px\" aria-hidden=\"true\" class=\"wp-block-spacer\"><\/div>\n\n<h2 class=\"wp-block-heading has-text-align-center\">Consulenza IntelliVita<\/h2>\n\n<p class=\"has-text-align-center\">Offriamo una consulenza personalizzata che va oltre le soluzioni convenzionali. Il nostro programma di 12 settimane \u00e8 pensato per valutare e ottimizzare la tua intera routine, offrendoti un viaggio trasformativo verso la vitalit\u00e0 e la longevit\u00e0.<\/p>\n\n<div style=\"height:53px\" aria-hidden=\"true\" class=\"wp-block-spacer\"><\/div>\n\n<div class=\"wp-block-media-text is-stacked-on-mobile\"><figure class=\"wp-block-media-text__media\"><img loading=\"lazy\" decoding=\"async\" width=\"1024\" height=\"683\" src=\"https:\/\/intellivitahub.com\/wp-content\/uploads\/2024\/05\/Sarah-Rindo-1-1024x683.jpeg\" alt=\"\" class=\"wp-image-2223 size-full\" srcset=\"https:\/\/intellivitahub.com\/wp-content\/uploads\/2024\/05\/Sarah-Rindo-1-1024x683.jpeg 1024w, https:\/\/intellivitahub.com\/wp-content\/uploads\/2024\/05\/Sarah-Rindo-1-300x200.jpeg 300w, https:\/\/intellivitahub.com\/wp-content\/uploads\/2024\/05\/Sarah-Rindo-1-768x512.jpeg 768w, https:\/\/intellivitahub.com\/wp-content\/uploads\/2024\/05\/Sarah-Rindo-1-1536x1024.jpeg 1536w, https:\/\/intellivitahub.com\/wp-content\/uploads\/2024\/05\/Sarah-Rindo-1-2048x1365.jpeg 2048w, https:\/\/intellivitahub.com\/wp-content\/uploads\/2024\/05\/Sarah-Rindo-1-600x400.jpeg 600w\" sizes=\"auto, (max-width: 1024px) 100vw, 1024px\" \/><\/figure><div class=\"wp-block-media-text__content\">\n<div class=\"wp-block-uagb-advanced-heading uagb-block-f3c3293a\"><h2 class=\"uagb-heading-text\">Cosa proverai<\/h2><\/div>\n\n\n\n<div style=\"height:38px\" aria-hidden=\"true\" class=\"wp-block-spacer\"><\/div>\n\n\n\n<p class=\"has-ast-global-color-2-color has-text-color has-link-color has-medium-font-size wp-elements-1113b8449fbcaed6084f9b4ddbeb10c7\"><strong>Preparazione<\/strong><\/p>\n\n\n\n<p>Prima di iniziare, compilerai dei questionari dettagliati e terrai un diario delle tue abitudini. Questo ci aiuter\u00e0 a comprendere meglio le tue esigenze e i tuoi obiettivi.<\/p>\n\n\n\n<p class=\"has-ast-global-color-2-color has-text-color has-link-color has-medium-font-size wp-elements-180e0287b5a475a0d6c183313e438a1d\"><strong>Struttura del programma<\/strong><\/p>\n\n\n\n<p>Ogni incontro settimanale di un&#8217;ora \u00e8 attentamente pianificato per affrontare un aspetto cruciale della longevit\u00e0 e delle prestazioni mentali:<\/p>\n\n\n\n<p class=\"has-ast-global-color-2-color has-text-color has-link-color wp-elements-be7e59b5114b90fba9589a540fe7dba0\"><strong>1. Primo incontro: valutazione iniziale<\/strong><\/p>\n\n\n\n<ul class=\"wp-block-list\">\n<li>Interpretare i questionari<\/li>\n\n\n\n<li>Identificare i problemi<\/li>\n\n\n\n<li>Definire obiettivi e priorit\u00e0<\/li>\n<\/ul>\n<\/div><\/div>\n\n<div style=\"height:57px\" aria-hidden=\"true\" class=\"wp-block-spacer\"><\/div>\n\n<div class=\"wp-block-media-text has-media-on-the-right is-stacked-on-mobile\" style=\"grid-template-columns:auto 43%\"><div class=\"wp-block-media-text__content\">\n<p class=\"has-ast-global-color-2-color has-text-color has-link-color wp-elements-ac99b1c61a59ae76556dafff6ed82dad\"><strong>2. Le basi della vitalit\u00e0, della longevit\u00e0 e della performance mentale<\/strong><\/p>\n\n\n\n<ul style=\"line-height:2\" class=\"wp-block-list\">\n<li><strong>Cibo nutriente<\/strong>: scegli cibi che ti danno vitalit\u00e0 e mangia con piacere. I colori nel piatto significano diversit\u00e0 di sostanze nutritive; sfrutta al massimo le verdure!<\/li>\n\n\n\n<li><strong>Corpo in movimento<\/strong>: balla, corri, fai flessioni o semplicemente cammina. Un corpo attivo sostiene una mente vivace.<\/li>\n\n\n\n<li><strong>Sonno ristoratore<\/strong>: ricaricati con un sonno di qualit\u00e0, impara a rilassarti e a stabilire una routine notturna. \u00c8 durante il sonno profondo che il corpo si riprende e la mente organizza le sue idee.<\/li>\n\n\n\n<li><strong>Gestione dello stress<\/strong>: Impara le tecniche di respirazione, rilassamento, visualizzazione e organizzazione personale per affrontare le sfide quotidiane.<\/li>\n\n\n\n<li><strong>Coltivare le connessioni<\/strong>: migliora la tua comunicazione, esercita l&#8217;empatia e l&#8217;autoregolazione e rafforza le tue relazioni. Unisciti a gruppi con interessi comuni e crea nuovi contatti. Le relazioni arricchiscono il nostro viaggio.<\/li>\n\n\n\n<li><strong>Apprendimento costante<\/strong>: mantieni viva la tua curiosit\u00e0. Impara una nuova abilit\u00e0, visita luoghi diversi, crea e condividi le tue conoscenze. L&#8217;apprendimento continuo nutre la mente.<\/li>\n\n\n\n<li><strong>Mindfulness e meditazione<\/strong><em>:<\/em> dedica dei momenti all&#8217;introspezione. La mindfulness porta chiarezza e amplia la tua visione del mondo.<\/li>\n<\/ul>\n<\/div><figure class=\"wp-block-media-text__media\"><img loading=\"lazy\" decoding=\"async\" width=\"576\" height=\"1024\" src=\"https:\/\/intellivitahub.com\/wp-content\/uploads\/2024\/06\/Design-9-576x1024.png\" alt=\"\" class=\"wp-image-2250 size-full\" srcset=\"https:\/\/intellivitahub.com\/wp-content\/uploads\/2024\/06\/Design-9-576x1024.png 576w, https:\/\/intellivitahub.com\/wp-content\/uploads\/2024\/06\/Design-9-169x300.png 169w, https:\/\/intellivitahub.com\/wp-content\/uploads\/2024\/06\/Design-9-768x1365.png 768w, https:\/\/intellivitahub.com\/wp-content\/uploads\/2024\/06\/Design-9-864x1536.png 864w, https:\/\/intellivitahub.com\/wp-content\/uploads\/2024\/06\/Design-9-600x1067.png 600w, https:\/\/intellivitahub.com\/wp-content\/uploads\/2024\/06\/Design-9.png 1080w\" sizes=\"auto, (max-width: 576px) 100vw, 576px\" \/><\/figure><\/div>\n\n<div class=\"wp-block-media-text is-stacked-on-mobile\"><figure class=\"wp-block-media-text__media\"><img loading=\"lazy\" decoding=\"async\" width=\"576\" height=\"1024\" src=\"https:\/\/intellivitahub.com\/wp-content\/uploads\/2024\/06\/Design-9-2-576x1024.png\" alt=\"\" class=\"wp-image-2253 size-full\" srcset=\"https:\/\/intellivitahub.com\/wp-content\/uploads\/2024\/06\/Design-9-2-576x1024.png 576w, https:\/\/intellivitahub.com\/wp-content\/uploads\/2024\/06\/Design-9-2-169x300.png 169w, https:\/\/intellivitahub.com\/wp-content\/uploads\/2024\/06\/Design-9-2-768x1365.png 768w, https:\/\/intellivitahub.com\/wp-content\/uploads\/2024\/06\/Design-9-2-864x1536.png 864w, https:\/\/intellivitahub.com\/wp-content\/uploads\/2024\/06\/Design-9-2-600x1067.png 600w, https:\/\/intellivitahub.com\/wp-content\/uploads\/2024\/06\/Design-9-2.png 1080w\" sizes=\"auto, (max-width: 576px) 100vw, 576px\" \/><\/figure><div class=\"wp-block-media-text__content\">\n<div class=\"wp-block-uagb-advanced-heading uagb-block-e3161995\"><h2 class=\"uagb-heading-text\">Differenziali della consulenza<\/h2><\/div>\n\n\n\n<ul style=\"line-height:2\" class=\"wp-block-list\">\n<li><strong>Personalizzazione<\/strong>: ogni sessione \u00e8 personalizzata in base alle tue esigenze specifiche.<\/li>\n\n\n\n<li><strong>Risultati comprovati<\/strong>: Le nostre pratiche si basano su prove scientifiche e su pratiche collaudate da millenni.<\/li>\n\n\n\n<li><strong>Assistenza continua<\/strong>: controlli settimanali per assicurarsi che tu sia sulla strada giusta.<\/li>\n\n\n\n<li><strong>Sguardo integrato<\/strong>: affrontiamo tutti gli aspetti della tua vita per una trasformazione completa.<\/li>\n<\/ul>\n\n\n\n<div style=\"height:82px\" aria-hidden=\"true\" class=\"wp-block-spacer\"><\/div>\n\n\n\n<p class=\"has-ast-global-color-2-color has-text-color has-link-color has-medium-font-size wp-elements-a7f168ecd284598d17050c51e6ea867e\"><strong>Investimenti<\/strong><\/p>\n\n\n\n<p>Programma completo di 12 incontri settimanali (3 mesi)<\/p>\n\n\n\n<p><\/p>\n\n\n\n<p>Contattaci per informazioni sui piani di consulenza. Sono qui per aiutarti a iniziare il tuo viaggio di trasformazione.<\/p>\n<\/div><\/div>\n\n<div class=\"wp-block-uagb-call-to-action uagb-block-6a380342 wp-block-button\"><div class=\"uagb-cta__wrap\"><h3 class=\"uagb-cta__title\">Hai dei dubbi? Mettiti in contatto con noi.<\/h3><p class=\"uagb-cta__desc\"><br\/>Sei pronto a trasformare la tua vita? Contattaci per prenotare una prima consulenza e scoprire il programma di consulenza pi\u00f9 adatto a te per raggiungere i tuoi obiettivi di vitalit\u00e0, longevit\u00e0 e prestazioni mentali. Il programma pu\u00f2 essere adattato alle tue esigenze specifiche.<br\/><br\/><\/p><\/div><div class=\"uagb-cta__buttons\"><a href=\"https:\/\/intellivitahub.com\/it\/contatto\/\" class=\"uagb-cta__button-link-wrapper wp-block-button__link\" target=\"_self\" rel=\"noopener noreferrer\">contatti<svg xmlns=\"https:\/\/www.w3.org\/2000\/svg\" viewbox=\"0 0 512 512\"><path d=\"M504.3 273.6l-112.1 104c-6.992 6.484-17.18 8.218-25.94 4.406c-8.758-3.812-14.42-12.45-14.42-21.1L351.9 288H32C14.33 288 .0002 273.7 .0002 255.1S14.33 224 32 224h319.9l0-72c0-9.547 5.66-18.19 14.42-22c8.754-3.809 18.95-2.075 25.94 4.41l112.1 104C514.6 247.9 514.6 264.1 504.3 273.6z\"><\/path><\/svg><\/a><\/div><\/div>\n\n<div style=\"height:100px\" aria-hidden=\"true\" class=\"wp-block-spacer\"><\/div>\n","protected":false},"excerpt":{"rendered":"<p>Consulenza IntelliVita Offriamo una consulenza personalizzata che va oltre le soluzioni convenzionali. Il nostro programma di 12 settimane \u00e8 pensato per valutare e ottimizzare la tua intera routine, offrendoti un viaggio trasformativo verso la vitalit\u00e0 e la longevit\u00e0.<\/p>\n","protected":false},"author":1,"featured_media":0,"parent":0,"menu_order":0,"comment_status":"closed","ping_status":"closed","template":"","meta":{"_uag_custom_page_level_css":"","site-sidebar-layout":"default","site-content-layout":"","ast-site-content-layout":"default","site-content-style":"default","site-sidebar-style":"default","ast-global-header-display":"","ast-banner-title-visibility":"","ast-main-header-display":"","ast-hfb-above-header-display":"","ast-hfb-below-header-display":"","ast-hfb-mobile-header-display":"","site-post-title":"disabled","ast-breadcrumbs-content":"","ast-featured-img":"","footer-sml-layout":"","ast-disable-related-posts":"","theme-transparent-header-meta":"","adv-header-id-meta":"","stick-header-meta":"","header-above-stick-meta":"","header-main-stick-meta":"","header-below-stick-meta":"","astra-migrate-meta-layouts":"default","ast-page-background-enabled":"default","ast-page-background-meta":{"desktop":{"background-color":"var(--ast-global-color-4)","background-image":"","background-repeat":"repeat","background-position":"center center","background-size":"auto","background-attachment":"scroll","background-type":"","background-media":"","overlay-type":"","overlay-color":"","overlay-opacity":"","overlay-gradient":""},"tablet":{"background-color":"","background-image":"","background-repeat":"repeat","background-position":"center center","background-size":"auto","background-attachment":"scroll","background-type":"","background-media":"","overlay-type":"","overlay-color":"","overlay-opacity":"","overlay-gradient":""},"mobile":{"background-color":"","background-image":"","background-repeat":"repeat","background-position":"center center","background-size":"auto","background-attachment":"scroll","background-type":"","background-media":"","overlay-type":"","overlay-color":"","overlay-opacity":"","overlay-gradient":""}},"ast-content-background-meta":{"desktop":{"background-color":"var(--ast-global-color-5)","background-image":"","background-repeat":"repeat","background-position":"center center","background-size":"auto","background-attachment":"scroll","background-type":"","background-media":"","overlay-type":"","overlay-color":"","overlay-opacity":"","overlay-gradient":""},"tablet":{"background-color":"var(--ast-global-color-5)","background-image":"","background-repeat":"repeat","background-position":"center center","background-size":"auto","background-attachment":"scroll","background-type":"","background-media":"","overlay-type":"","overlay-color":"","overlay-opacity":"","overlay-gradient":""},"mobile":{"background-color":"var(--ast-global-color-5)","background-image":"","background-repeat":"repeat","background-position":"center center","background-size":"auto","background-attachment":"scroll","background-type":"","background-media":"","overlay-type":"","overlay-color":"","overlay-opacity":"","overlay-gradient":""}},"footnotes":""},"class_list":["post-2696","page","type-page","status-publish","hentry"],"aioseo_notices":[],"uagb_featured_image_src":{"full":false,"thumbnail":false,"medium":false,"medium_large":false,"large":false,"1536x1536":false,"2048x2048":false},"uagb_author_info":{"display_name":"intellivitahub.com","author_link":"https:\/\/intellivitahub.com\/it\/author\/intellivitahub-com\/"},"uagb_comment_info":0,"uagb_excerpt":"Consulenza IntelliVita Offriamo una consulenza personalizzata che va oltre le soluzioni convenzionali. Il nostro programma di 12 settimane \u00e8 pensato per valutare e ottimizzare la tua intera routine, offrendoti un viaggio trasformativo verso la vitalit\u00e0 e la longevit\u00e0.","_links":{"self":[{"href":"https:\/\/intellivitahub.com\/it\/wp-json\/wp\/v2\/pages\/2696","targetHints":{"allow":["GET"]}}],"collection":[{"href":"https:\/\/intellivitahub.com\/it\/wp-json\/wp\/v2\/pages"}],"about":[{"href":"https:\/\/intellivitahub.com\/it\/wp-json\/wp\/v2\/types\/page"}],"author":[{"embeddable":true,"href":"https:\/\/intellivitahub.com\/it\/wp-json\/wp\/v2\/users\/1"}],"replies":[{"embeddable":true,"href":"https:\/\/intellivitahub.com\/it\/wp-json\/wp\/v2\/comments?post=2696"}],"version-history":[{"count":7,"href":"https:\/\/intellivitahub.com\/it\/wp-json\/wp\/v2\/pages\/2696\/revisions"}],"predecessor-version":[{"id":3148,"href":"https:\/\/intellivitahub.com\/it\/wp-json\/wp\/v2\/pages\/2696\/revisions\/3148"}],"wp:attachment":[{"href":"https:\/\/intellivitahub.com\/it\/wp-json\/wp\/v2\/media?parent=2696"}],"curies":[{"name":"wp","href":"https:\/\/api.w.org\/{rel}","templated":true}]}}