{"id":2702,"date":"2024-05-22T17:02:32","date_gmt":"2024-05-22T20:02:32","guid":{"rendered":"https:\/\/intellivitahub.com\/il-mio-viaggio\/"},"modified":"2024-10-19T10:26:12","modified_gmt":"2024-10-19T13:26:12","slug":"il-mio-viaggio","status":"publish","type":"page","link":"https:\/\/intellivitahub.com\/it\/il-mio-viaggio\/","title":{"rendered":"Il mio percorso"},"content":{"rendered":"\n<div style=\"height:100px\" aria-hidden=\"true\" class=\"wp-block-spacer\"><\/div>\n\n<p class=\"has-text-align-center has-ast-global-color-2-color has-text-color\" style=\"font-size:6vw;font-style:normal;font-weight:700;letter-spacing:0px;line-height:0.9;text-decoration:none;text-transform:none\">Come \u00e8 iniziato tutto<\/p>\n\n<div class=\"wp-block-group alignfull has-ast-global-color-4-background-color has-background is-layout-flow wp-block-group-is-layout-flow\" style=\"padding-top:6vw;padding-right:6vw;padding-bottom:6vw;padding-left:6vw\">\n<h6 class=\"wp-block-heading has-text-align-left has-ast-global-color-2-color has-text-color\" id=\"ecosystem\" style=\"font-size:35px\">Il mio percorso<\/h6>\n\n\n\n<div class=\"wp-block-group alignwide is-vertical is-nowrap is-layout-flex wp-container-core-group-is-layout-7946b6b8 wp-block-group-is-layout-flex\" style=\"padding-top:0;padding-right:0;padding-bottom:0;padding-left:0\">\n<div class=\"wp-block-columns alignwide is-layout-flex wp-container-core-columns-is-layout-21b20327 wp-block-columns-is-layout-flex\">\n<div class=\"wp-block-column is-layout-flow wp-block-column-is-layout-flow\" style=\"flex-basis:33.38%\">\n<div style=\"height:0px\" aria-hidden=\"true\" class=\"wp-block-spacer\"><\/div>\n\n\n\n<div style=\"height:44px\" aria-hidden=\"true\" class=\"wp-block-spacer\"><\/div>\n\n\n\n<p class=\"has-text-color\" style=\"color:#000000;font-size:17px\">La creazione di IntelliVita Hub \u00e8 nata da una profonda riflessione sulla mia carriera e sul ruolo che la conoscenza gioca nella nostra vita. Per otto anni ho lavorato come ricercatore e, sebbene fossi appassionata di scienza e di apprendimento continuo, mi sono resa conto che mancava qualcosa di essenziale: un collegamento diretto tra il mio lavoro di ricerca e l&#8217;impatto tangibile sulla vita delle persone. Mi piace studiare e approfondire la mia conoscenza del mondo, ma sono giunta alla conclusione che accumulare solo conoscenza non era sufficiente. Quello che mi mancava era la capacit\u00e0 di applicare queste conoscenze in modo da migliorare direttamente la societ\u00e0 o la vita di qualcuno.<\/p>\n<\/div>\n\n\n\n<div class=\"wp-block-column is-layout-flow wp-block-column-is-layout-flow\" style=\"flex-basis:33%\">\n<div style=\"height:2vw\" aria-hidden=\"true\" class=\"wp-block-spacer\"><\/div>\n\n\n\n<figure class=\"wp-block-image aligncenter size-large is-resized\"><img loading=\"lazy\" decoding=\"async\" width=\"1706\" height=\"2560\" src=\"https:\/\/intellivitahub.com\/wp-content\/uploads\/2024\/05\/IMG_3375-edited-scaled.jpg\" alt=\"\" class=\"wp-image-2129\" style=\"width:350px;height:auto\" srcset=\"https:\/\/intellivitahub.com\/wp-content\/uploads\/2024\/05\/IMG_3375-edited-scaled.jpg 1706w, https:\/\/intellivitahub.com\/wp-content\/uploads\/2024\/05\/IMG_3375-edited-200x300.jpg 200w, https:\/\/intellivitahub.com\/wp-content\/uploads\/2024\/05\/IMG_3375-edited-683x1024.jpg 683w, https:\/\/intellivitahub.com\/wp-content\/uploads\/2024\/05\/IMG_3375-edited-768x1152.jpg 768w, https:\/\/intellivitahub.com\/wp-content\/uploads\/2024\/05\/IMG_3375-edited-1024x1536.jpg 1024w, https:\/\/intellivitahub.com\/wp-content\/uploads\/2024\/05\/IMG_3375-edited-1365x2048.jpg 1365w, https:\/\/intellivitahub.com\/wp-content\/uploads\/2024\/05\/IMG_3375-edited-600x900.jpg 600w\" sizes=\"auto, (max-width: 1706px) 100vw, 1706px\" \/><\/figure>\n<\/div>\n\n\n\n<div class=\"wp-block-column is-layout-flow wp-block-column-is-layout-flow\" style=\"flex-basis:33.62%\">\n<figure class=\"wp-block-image size-full is-resized\"><img loading=\"lazy\" decoding=\"async\" width=\"960\" height=\"720\" src=\"https:\/\/intellivitahub.com\/wp-content\/uploads\/2024\/05\/semanabioquimica.jpg\" alt=\"\" class=\"wp-image-2131\" style=\"width:406px;height:auto\" srcset=\"https:\/\/intellivitahub.com\/wp-content\/uploads\/2024\/05\/semanabioquimica.jpg 960w, https:\/\/intellivitahub.com\/wp-content\/uploads\/2024\/05\/semanabioquimica-300x225.jpg 300w, https:\/\/intellivitahub.com\/wp-content\/uploads\/2024\/05\/semanabioquimica-768x576.jpg 768w, https:\/\/intellivitahub.com\/wp-content\/uploads\/2024\/05\/semanabioquimica-600x450.jpg 600w\" sizes=\"auto, (max-width: 960px) 100vw, 960px\" \/><\/figure>\n\n\n\n<div style=\"height:2px\" aria-hidden=\"true\" class=\"wp-block-spacer\"><\/div>\n\n\n\n<figure class=\"wp-block-image size-full is-resized\"><img loading=\"lazy\" decoding=\"async\" width=\"1280\" height=\"960\" src=\"https:\/\/intellivitahub.com\/wp-content\/uploads\/2024\/05\/092989e6-fb2b-4549-8f68-d457e2b3bce1-2.jpg\" alt=\"\" class=\"wp-image-2134\" style=\"width:406px;height:auto\" srcset=\"https:\/\/intellivitahub.com\/wp-content\/uploads\/2024\/05\/092989e6-fb2b-4549-8f68-d457e2b3bce1-2.jpg 1280w, https:\/\/intellivitahub.com\/wp-content\/uploads\/2024\/05\/092989e6-fb2b-4549-8f68-d457e2b3bce1-2-300x225.jpg 300w, https:\/\/intellivitahub.com\/wp-content\/uploads\/2024\/05\/092989e6-fb2b-4549-8f68-d457e2b3bce1-2-1024x768.jpg 1024w, https:\/\/intellivitahub.com\/wp-content\/uploads\/2024\/05\/092989e6-fb2b-4549-8f68-d457e2b3bce1-2-768x576.jpg 768w, https:\/\/intellivitahub.com\/wp-content\/uploads\/2024\/05\/092989e6-fb2b-4549-8f68-d457e2b3bce1-2-600x450.jpg 600w\" sizes=\"auto, (max-width: 1280px) 100vw, 1280px\" \/><\/figure>\n<\/div>\n<\/div>\n\n\n\n<div class=\"wp-block-columns alignwide is-layout-flex wp-container-core-columns-is-layout-c24efe4f wp-block-columns-is-layout-flex\">\n<div class=\"wp-block-column is-layout-flow wp-block-column-is-layout-flow\" style=\"flex-basis:69%\">\n<figure class=\"wp-block-image alignleft size-full is-resized\"><img loading=\"lazy\" decoding=\"async\" width=\"2560\" height=\"1707\" src=\"https:\/\/intellivitahub.com\/wp-content\/uploads\/2024\/05\/equipeChamps1-scaled.jpg\" alt=\"\" class=\"wp-image-2125\" style=\"width:824px;height:auto\" srcset=\"https:\/\/intellivitahub.com\/wp-content\/uploads\/2024\/05\/equipeChamps1-scaled.jpg 2560w, https:\/\/intellivitahub.com\/wp-content\/uploads\/2024\/05\/equipeChamps1-300x200.jpg 300w, https:\/\/intellivitahub.com\/wp-content\/uploads\/2024\/05\/equipeChamps1-1024x683.jpg 1024w, https:\/\/intellivitahub.com\/wp-content\/uploads\/2024\/05\/equipeChamps1-768x512.jpg 768w, https:\/\/intellivitahub.com\/wp-content\/uploads\/2024\/05\/equipeChamps1-1536x1024.jpg 1536w, https:\/\/intellivitahub.com\/wp-content\/uploads\/2024\/05\/equipeChamps1-2048x1365.jpg 2048w, https:\/\/intellivitahub.com\/wp-content\/uploads\/2024\/05\/equipeChamps1-600x400.jpg 600w\" sizes=\"auto, (max-width: 2560px) 100vw, 2560px\" \/><\/figure>\n<\/div>\n\n\n\n<div class=\"wp-block-column is-vertically-aligned-center is-layout-flow wp-block-column-is-layout-flow\" style=\"flex-basis:33%\">\n<p class=\"has-text-color\" style=\"color:#000000;font-size:17px\">Ma queste domande non sono arrivate da un momento all&#8217;altro, la mia vita era gi\u00e0 in costante trasformazione. Dal 2004, mentre proseguivo i miei studi accademici, mi sono dedicata anche allo studio del miglioramento personale, applicando inizialmente ci\u00f2 che ho imparato a me stessa. Solo nel 2016 il desiderio di condividere le conoscenze mi ha portato a insegnare in una scuola del DeRose Method a Curitiba, in Brasile, dove ho aiutato gli altri a migliorare le loro abitudini e a utilizzare le tecniche per una migliore qualit\u00e0 della vita e delle prestazioni.<\/p>\n<\/div>\n<\/div>\n<\/div>\n\n\n\n<div class=\"wp-block-group alignwide is-vertical is-nowrap is-layout-flex wp-container-core-group-is-layout-7946b6b8 wp-block-group-is-layout-flex\" style=\"padding-top:0;padding-right:0;padding-bottom:0;padding-left:0\">\n<div class=\"wp-block-columns alignwide is-layout-flex wp-container-core-columns-is-layout-21b20327 wp-block-columns-is-layout-flex\">\n<div class=\"wp-block-column is-layout-flow wp-block-column-is-layout-flow\" style=\"flex-basis:33.38%\">\n<p class=\"has-text-color\" style=\"color:#000000;font-size:17px\">Dal 2017 in poi, una serie di cambiamenti personali e professionali ha segnato l&#8217;inizio di una nuova fase: sono diventata mamma, mi sono trasferita in Portogallo, sono diventata un&#8217;imprenditrice alimentare e ho continuato a insegnare sviluppo personale. In seguito, mi sono trasferita in Alto Adige, in Italia. Ognuna di queste tappe ha rafforzato il mio impegno nello studio, nell&#8217;applicazione e nell&#8217;insegnamento di metodi per vivere meglio e pi\u00f9 a lungo.<\/p>\n\n\n\n<p style=\"font-size:17px\">Tutto il mio percorso \u00e8 culminato nella creazione di IntelliVita Hub, uno spazio dedicato alla condivisione delle conoscenze e all&#8217;impatto positivo sulla vita delle persone. Qui ho trovato il mio vero scopo: colmare il divario tra scienza e applicazione pratica, tra imparare e fare. Il mio desiderio \u00e8 quello di costruire una comunit\u00e0 in questo Hub dove le persone possano trasformare la propria vita attraverso lo scambio di conoscenze, esperienze e pratiche arricchite da conoscenze scientifiche e saggezza ancestrale.<\/p>\n<\/div>\n\n\n\n<div class=\"wp-block-column is-layout-flow wp-block-column-is-layout-flow\" style=\"flex-basis:33%\">\n<div style=\"height:2vw\" aria-hidden=\"true\" class=\"wp-block-spacer\"><\/div>\n\n\n\n<figure class=\"wp-block-image size-full is-resized\"><img loading=\"lazy\" decoding=\"async\" width=\"2320\" height=\"3088\" src=\"https:\/\/intellivitahub.com\/wp-content\/uploads\/2024\/05\/IMG_2003.png\" alt=\"\" class=\"wp-image-2186\" style=\"width:382px;height:auto\" srcset=\"https:\/\/intellivitahub.com\/wp-content\/uploads\/2024\/05\/IMG_2003.png 2320w, https:\/\/intellivitahub.com\/wp-content\/uploads\/2024\/05\/IMG_2003-225x300.png 225w, https:\/\/intellivitahub.com\/wp-content\/uploads\/2024\/05\/IMG_2003-769x1024.png 769w, https:\/\/intellivitahub.com\/wp-content\/uploads\/2024\/05\/IMG_2003-768x1022.png 768w, https:\/\/intellivitahub.com\/wp-content\/uploads\/2024\/05\/IMG_2003-1154x1536.png 1154w, https:\/\/intellivitahub.com\/wp-content\/uploads\/2024\/05\/IMG_2003-1539x2048.png 1539w, https:\/\/intellivitahub.com\/wp-content\/uploads\/2024\/05\/IMG_2003-600x799.png 600w\" sizes=\"auto, (max-width: 2320px) 100vw, 2320px\" \/><\/figure>\n<\/div>\n\n\n\n<div class=\"wp-block-column is-layout-flow wp-block-column-is-layout-flow\" style=\"flex-basis:33.62%\">\n<div style=\"height:0px\" aria-hidden=\"true\" class=\"wp-block-spacer\"><\/div>\n\n\n\n<figure class=\"wp-block-image size-full is-resized\"><img loading=\"lazy\" decoding=\"async\" width=\"1483\" height=\"676\" src=\"https:\/\/intellivitahub.com\/wp-content\/uploads\/2024\/05\/47d5f3e9-66fd-4abe-a94d-429d1bdcaf70-edited.jpg\" alt=\"\" class=\"wp-image-2127\" style=\"width:408px;height:auto\" srcset=\"https:\/\/intellivitahub.com\/wp-content\/uploads\/2024\/05\/47d5f3e9-66fd-4abe-a94d-429d1bdcaf70-edited.jpg 1483w, https:\/\/intellivitahub.com\/wp-content\/uploads\/2024\/05\/47d5f3e9-66fd-4abe-a94d-429d1bdcaf70-edited-300x137.jpg 300w, https:\/\/intellivitahub.com\/wp-content\/uploads\/2024\/05\/47d5f3e9-66fd-4abe-a94d-429d1bdcaf70-edited-1024x467.jpg 1024w, https:\/\/intellivitahub.com\/wp-content\/uploads\/2024\/05\/47d5f3e9-66fd-4abe-a94d-429d1bdcaf70-edited-768x350.jpg 768w, https:\/\/intellivitahub.com\/wp-content\/uploads\/2024\/05\/47d5f3e9-66fd-4abe-a94d-429d1bdcaf70-edited-600x273.jpg 600w\" sizes=\"auto, (max-width: 1483px) 100vw, 1483px\" \/><\/figure>\n\n\n\n<div style=\"height:44px\" aria-hidden=\"true\" class=\"wp-block-spacer\"><\/div>\n\n\n\n<figure class=\"wp-block-image size-full is-resized\"><img loading=\"lazy\" decoding=\"async\" width=\"4032\" height=\"3024\" src=\"https:\/\/intellivitahub.com\/wp-content\/uploads\/2024\/05\/LovePepper.png\" alt=\"\" class=\"wp-image-2184\" style=\"width:407px;height:auto\" srcset=\"https:\/\/intellivitahub.com\/wp-content\/uploads\/2024\/05\/LovePepper.png 4032w, https:\/\/intellivitahub.com\/wp-content\/uploads\/2024\/05\/LovePepper-300x225.png 300w, https:\/\/intellivitahub.com\/wp-content\/uploads\/2024\/05\/LovePepper-1024x768.png 1024w, https:\/\/intellivitahub.com\/wp-content\/uploads\/2024\/05\/LovePepper-768x576.png 768w, https:\/\/intellivitahub.com\/wp-content\/uploads\/2024\/05\/LovePepper-1536x1152.png 1536w, https:\/\/intellivitahub.com\/wp-content\/uploads\/2024\/05\/LovePepper-2048x1536.png 2048w, https:\/\/intellivitahub.com\/wp-content\/uploads\/2024\/05\/LovePepper-600x450.png 600w\" sizes=\"auto, (max-width: 4032px) 100vw, 4032px\" \/><\/figure>\n<\/div>\n<\/div>\n\n\n\n<div class=\"wp-block-columns alignwide is-layout-flex wp-container-core-columns-is-layout-c24efe4f wp-block-columns-is-layout-flex\">\n<div class=\"wp-block-column is-layout-flow wp-block-column-is-layout-flow\" style=\"flex-basis:69%\">\n<figure class=\"wp-block-image aligncenter size-full is-resized\"><img loading=\"lazy\" decoding=\"async\" width=\"3024\" height=\"4032\" src=\"https:\/\/intellivitahub.com\/wp-content\/uploads\/2024\/05\/IMG_2330.png\" alt=\"\" class=\"wp-image-2193\" style=\"width:454px;height:auto\" srcset=\"https:\/\/intellivitahub.com\/wp-content\/uploads\/2024\/05\/IMG_2330.png 3024w, https:\/\/intellivitahub.com\/wp-content\/uploads\/2024\/05\/IMG_2330-225x300.png 225w, https:\/\/intellivitahub.com\/wp-content\/uploads\/2024\/05\/IMG_2330-768x1024.png 768w, https:\/\/intellivitahub.com\/wp-content\/uploads\/2024\/05\/IMG_2330-1152x1536.png 1152w, https:\/\/intellivitahub.com\/wp-content\/uploads\/2024\/05\/IMG_2330-1536x2048.png 1536w, https:\/\/intellivitahub.com\/wp-content\/uploads\/2024\/05\/IMG_2330-600x800.png 600w\" sizes=\"auto, (max-width: 3024px) 100vw, 3024px\" \/><\/figure>\n<\/div>\n\n\n\n<div class=\"wp-block-column is-vertically-aligned-center is-layout-flow wp-block-column-is-layout-flow\" style=\"flex-basis:33%\">\n<p class=\"has-text-color\" style=\"color:#000000;font-size:17px\">L&#8217;IntelliVita Hub rappresenta l&#8217;unione tra il mio amore per lo studio e la mia passione per fare la differenza. Continuo a esplorare, imparare e insegnare, ma con un nuovo obiettivo: usare la conoscenza come strumento per promuovere il benessere, la vitalit\u00e0 e la longevit\u00e0. Condividere queste conoscenze e vedere l&#8217;impatto positivo che possono avere sulla vita delle persone \u00e8 ci\u00f2 che mi spinge e mi d\u00e0 gioia.<\/p>\n\n\n\n<p style=\"font-size:17px\">Il mio scopo \u00e8 quello di guidare gli individui nel viaggio per trasformare le loro abitudini e migliorare la loro qualit\u00e0 di vita, raggiungendo una notevole longevit\u00e0 e vitalit\u00e0. Invito tutti coloro che desiderano trasformare le proprie abitudini e migliorare la qualit\u00e0 della propria vita a mettersi in contatto con me. Insieme possiamo scoprire la strada per una vita pi\u00f9 sana e soddisfacente.<\/p>\n<\/div>\n<\/div>\n<\/div>\n<\/div>\n\n<div style=\"height:100px\" aria-hidden=\"true\" class=\"wp-block-spacer\"><\/div>\n\n<div class=\"wp-block-uagb-call-to-action uagb-block-9f686a00 wp-block-button\"><div class=\"uagb-cta__wrap\"><h3 class=\"uagb-cta__title\">Scopri di pi\u00f9 sul nostro blog  <\/h3><p class=\"uagb-cta__desc\">Scientia Habitus &#8211; l&#8217;influenza delle abitudini sulla vitalit\u00e0 e sulla longevit\u00e0. Scienza e saggezza antica con consigli da applicare nella vita di tutti i giorni.<\/p><\/div><div class=\"uagb-cta__buttons\"><a href=\"https:\/\/intellivitahub.com\/it\/blog\/\" class=\"uagb-cta__button-link-wrapper wp-block-button__link\" target=\"_self\" rel=\"noopener noreferrer\">Leggi tutto<svg xmlns=\"https:\/\/www.w3.org\/2000\/svg\" viewbox=\"0 0 512 512\"><path d=\"M504.3 273.6l-112.1 104c-6.992 6.484-17.18 8.218-25.94 4.406c-8.758-3.812-14.42-12.45-14.42-21.1L351.9 288H32C14.33 288 .0002 273.7 .0002 255.1S14.33 224 32 224h319.9l0-72c0-9.547 5.66-18.19 14.42-22c8.754-3.809 18.95-2.075 25.94 4.41l112.1 104C514.6 247.9 514.6 264.1 504.3 273.6z\"><\/path><\/svg><\/a><\/div><\/div>\n\n<div class=\"wp-block-columns is-layout-flex wp-container-core-columns-is-layout-28f84493 wp-block-columns-is-layout-flex\">\n<div class=\"wp-block-column is-layout-flow wp-block-column-is-layout-flow\">      \n\t\t\t<div class=\"uagb-icon-wrapper uagb-block-bf60256a      \"\n\t\t\tstyle=\"\" >\n\t\t\t\t\t\t\t\t\t<span class=\"uagb-svg-wrapper\" \n\t\t\t\t\t aria-label=\"instagram\"\t\t\t\t\ttabindex=\"0\">\t\t\n\t\t\t\t\t\t\t\t\t\t<a rel=\"noopener noreferrer\" href=\"https:\/\/www.instagram.com\/sarah_sacks.t\" target=\"_self\"><svg xmlns=\"https:\/\/www.w3.org\/2000\/svg\" viewBox= \"0 0 448 512\" role=\"graphics-symbol\" aria-hidden=\"false\" aria-label=\"\"><path d=\"M224.1 141c-63.6 0-114.9 51.3-114.9 114.9s51.3 114.9 114.9 114.9S339 319.5 339 255.9 287.7 141 224.1 141zm0 189.6c-41.1 0-74.7-33.5-74.7-74.7s33.5-74.7 74.7-74.7 74.7 33.5 74.7 74.7-33.6 74.7-74.7 74.7zm146.4-194.3c0 14.9-12 26.8-26.8 26.8-14.9 0-26.8-12-26.8-26.8s12-26.8 26.8-26.8 26.8 12 26.8 26.8zm76.1 27.2c-1.7-35.9-9.9-67.7-36.2-93.9-26.2-26.2-58-34.4-93.9-36.2-37-2.1-147.9-2.1-184.9 0-35.8 1.7-67.6 9.9-93.9 36.1s-34.4 58-36.2 93.9c-2.1 37-2.1 147.9 0 184.9 1.7 35.9 9.9 67.7 36.2 93.9s58 34.4 93.9 36.2c37 2.1 147.9 2.1 184.9 0 35.9-1.7 67.7-9.9 93.9-36.2 26.2-26.2 34.4-58 36.2-93.9 2.1-37 2.1-147.8 0-184.8zM398.8 388c-7.8 19.6-22.9 34.7-42.6 42.6-29.5 11.7-99.5 9-132.1 9s-102.7 2.6-132.1-9c-19.6-7.8-34.7-22.9-42.6-42.6-11.7-29.5-9-99.5-9-132.1s-2.6-102.7 9-132.1c7.8-19.6 22.9-34.7 42.6-42.6 29.5-11.7 99.5-9 132.1-9s102.7-2.6 132.1 9c19.6 7.8 34.7 22.9 42.6 42.6 11.7 29.5 9 99.5 9 132.1s2.7 102.7-9 132.1z\"><\/path><\/svg><\/a>\n\t\t\t\t\t\t\t\t\t<\/span>\n\t\t\t\t\t\t\t<\/div>\n\t\t\t<\/div>\n\n\n\n<div class=\"wp-block-column is-layout-flow wp-block-column-is-layout-flow\">      \n\t\t\t<div class=\"uagb-icon-wrapper uagb-block-a09f4fe2      \"\n\t\t\tstyle=\"\" >\n\t\t\t\t\t\t\t\t\t<span class=\"uagb-svg-wrapper\" \n\t\t\t\t\t aria-label=\"linkedin\"\t\t\t\t\ttabindex=\"0\">\t\t\n\t\t\t\t\t\t\t\t\t\t<a rel=\"noopener noreferrer\" href=\"https:\/\/www.linkedin.com\/in\/sarah-sacks-t\/\" target=\"_self\"><svg xmlns=\"https:\/\/www.w3.org\/2000\/svg\" viewBox= \"0 0 448 512\" role=\"graphics-symbol\" aria-hidden=\"false\" aria-label=\"\"><path d=\"M416 32H31.9C14.3 32 0 46.5 0 64.3v383.4C0 465.5 14.3 480 31.9 480H416c17.6 0 32-14.5 32-32.3V64.3c0-17.8-14.4-32.3-32-32.3zM135.4 416H69V202.2h66.5V416zm-33.2-243c-21.3 0-38.5-17.3-38.5-38.5S80.9 96 102.2 96c21.2 0 38.5 17.3 38.5 38.5 0 21.3-17.2 38.5-38.5 38.5zm282.1 243h-66.4V312c0-24.8-.5-56.7-34.5-56.7-34.6 0-39.9 27-39.9 54.9V416h-66.4V202.2h63.7v29.2h.9c8.9-16.8 30.6-34.5 62.9-34.5 67.2 0 79.7 44.3 79.7 101.9V416z\"><\/path><\/svg><\/a>\n\t\t\t\t\t\t\t\t\t<\/span>\n\t\t\t\t\t\t\t<\/div>\n\t\t\t<\/div>\n\n\n\n<div class=\"wp-block-column is-layout-flow wp-block-column-is-layout-flow\">      \n\t\t\t<div class=\"uagb-icon-wrapper uagb-block-2493d2e3      \"\n\t\t\tstyle=\"\" >\n\t\t\t\t\t\t\t\t\t<span class=\"uagb-svg-wrapper\" \n\t\t\t\t\t aria-label=\"whatsapp\"\t\t\t\t\ttabindex=\"0\">\t\t\n\t\t\t\t\t\t\t\t\t\t<a rel=\"noopener noreferrer\" href=\"https:\/\/wa.me\/393475969104\" target=\"_self\"><svg xmlns=\"https:\/\/www.w3.org\/2000\/svg\" viewBox= \"0 0 448 512\" role=\"graphics-symbol\" aria-hidden=\"false\" aria-label=\"\"><path d=\"M380.9 97.1C339 55.1 283.2 32 223.9 32c-122.4 0-222 99.6-222 222 0 39.1 10.2 77.3 29.6 111L0 480l117.7-30.9c32.4 17.7 68.9 27 106.1 27h.1c122.3 0 224.1-99.6 224.1-222 0-59.3-25.2-115-67.1-157zm-157 341.6c-33.2 0-65.7-8.9-94-25.7l-6.7-4-69.8 18.3L72 359.2l-4.4-7c-18.5-29.4-28.2-63.3-28.2-98.2 0-101.7 82.8-184.5 184.6-184.5 49.3 0 95.6 19.2 130.4 54.1 34.8 34.9 56.2 81.2 56.1 130.5 0 101.8-84.9 184.6-186.6 184.6zm101.2-138.2c-5.5-2.8-32.8-16.2-37.9-18-5.1-1.9-8.8-2.8-12.5 2.8-3.7 5.6-14.3 18-17.6 21.8-3.2 3.7-6.5 4.2-12 1.4-32.6-16.3-54-29.1-75.5-66-5.7-9.8 5.7-9.1 16.3-30.3 1.8-3.7 .9-6.9-.5-9.7-1.4-2.8-12.5-30.1-17.1-41.2-4.5-10.8-9.1-9.3-12.5-9.5-3.2-.2-6.9-.2-10.6-.2-3.7 0-9.7 1.4-14.8 6.9-5.1 5.6-19.4 19-19.4 46.3 0 27.3 19.9 53.7 22.6 57.4 2.8 3.7 39.1 59.7 94.8 83.8 35.2 15.2 49 16.5 66.6 13.9 10.7-1.6 32.8-13.4 37.4-26.4 4.6-13 4.6-24.1 3.2-26.4-1.3-2.5-5-3.9-10.5-6.6z\"><\/path><\/svg><\/a>\n\t\t\t\t\t\t\t\t\t<\/span>\n\t\t\t\t\t\t\t<\/div>\n\t\t\t<\/div>\n<\/div>\n","protected":false},"excerpt":{"rendered":"<p>Come \u00e8 iniziato tutto Il mio percorso La creazione di IntelliVita Hub \u00e8 nata da una profonda riflessione sulla mia carriera e sul ruolo che la conoscenza gioca nella nostra vita. Per otto anni ho lavorato come ricercatore e, sebbene fossi appassionata di scienza e di apprendimento continuo, mi sono resa conto che mancava qualcosa [&hellip;]<\/p>\n","protected":false},"author":1,"featured_media":0,"parent":0,"menu_order":0,"comment_status":"closed","ping_status":"closed","template":"","meta":{"_uag_custom_page_level_css":"","site-sidebar-layout":"default","site-content-layout":"","ast-site-content-layout":"default","site-content-style":"default","site-sidebar-style":"default","ast-global-header-display":"","ast-banner-title-visibility":"","ast-main-header-display":"","ast-hfb-above-header-display":"","ast-hfb-below-header-display":"","ast-hfb-mobile-header-display":"","site-post-title":"disabled","ast-breadcrumbs-content":"","ast-featured-img":"","footer-sml-layout":"","ast-disable-related-posts":"","theme-transparent-header-meta":"","adv-header-id-meta":"","stick-header-meta":"","header-above-stick-meta":"","header-main-stick-meta":"","header-below-stick-meta":"","astra-migrate-meta-layouts":"default","ast-page-background-enabled":"default","ast-page-background-meta":{"desktop":{"background-color":"var(--ast-global-color-4)","background-image":"","background-repeat":"repeat","background-position":"center center","background-size":"auto","background-attachment":"scroll","background-type":"","background-media":"","overlay-type":"","overlay-color":"","overlay-opacity":"","overlay-gradient":""},"tablet":{"background-color":"","background-image":"","background-repeat":"repeat","background-position":"center center","background-size":"auto","background-attachment":"scroll","background-type":"","background-media":"","overlay-type":"","overlay-color":"","overlay-opacity":"","overlay-gradient":""},"mobile":{"background-color":"","background-image":"","background-repeat":"repeat","background-position":"center center","background-size":"auto","background-attachment":"scroll","background-type":"","background-media":"","overlay-type":"","overlay-color":"","overlay-opacity":"","overlay-gradient":""}},"ast-content-background-meta":{"desktop":{"background-color":"var(--ast-global-color-5)","background-image":"","background-repeat":"repeat","background-position":"center center","background-size":"auto","background-attachment":"scroll","background-type":"","background-media":"","overlay-type":"","overlay-color":"","overlay-opacity":"","overlay-gradient":""},"tablet":{"background-color":"var(--ast-global-color-5)","background-image":"","background-repeat":"repeat","background-position":"center center","background-size":"auto","background-attachment":"scroll","background-type":"","background-media":"","overlay-type":"","overlay-color":"","overlay-opacity":"","overlay-gradient":""},"mobile":{"background-color":"var(--ast-global-color-5)","background-image":"","background-repeat":"repeat","background-position":"center center","background-size":"auto","background-attachment":"scroll","background-type":"","background-media":"","overlay-type":"","overlay-color":"","overlay-opacity":"","overlay-gradient":""}},"footnotes":""},"class_list":["post-2702","page","type-page","status-publish","hentry"],"aioseo_notices":[],"uagb_featured_image_src":{"full":false,"thumbnail":false,"medium":false,"medium_large":false,"large":false,"1536x1536":false,"2048x2048":false},"uagb_author_info":{"display_name":"intellivitahub.com","author_link":"https:\/\/intellivitahub.com\/it\/author\/intellivitahub-com\/"},"uagb_comment_info":0,"uagb_excerpt":"Come \u00e8 iniziato tutto Il mio percorso La creazione di IntelliVita Hub \u00e8 nata da una profonda riflessione sulla mia carriera e sul ruolo che la conoscenza gioca nella nostra vita. Per otto anni ho lavorato come ricercatore e, sebbene fossi appassionata di scienza e di apprendimento continuo, mi sono resa conto che mancava qualcosa&hellip;","_links":{"self":[{"href":"https:\/\/intellivitahub.com\/it\/wp-json\/wp\/v2\/pages\/2702","targetHints":{"allow":["GET"]}}],"collection":[{"href":"https:\/\/intellivitahub.com\/it\/wp-json\/wp\/v2\/pages"}],"about":[{"href":"https:\/\/intellivitahub.com\/it\/wp-json\/wp\/v2\/types\/page"}],"author":[{"embeddable":true,"href":"https:\/\/intellivitahub.com\/it\/wp-json\/wp\/v2\/users\/1"}],"replies":[{"embeddable":true,"href":"https:\/\/intellivitahub.com\/it\/wp-json\/wp\/v2\/comments?post=2702"}],"version-history":[{"count":7,"href":"https:\/\/intellivitahub.com\/it\/wp-json\/wp\/v2\/pages\/2702\/revisions"}],"predecessor-version":[{"id":2984,"href":"https:\/\/intellivitahub.com\/it\/wp-json\/wp\/v2\/pages\/2702\/revisions\/2984"}],"wp:attachment":[{"href":"https:\/\/intellivitahub.com\/it\/wp-json\/wp\/v2\/media?parent=2702"}],"curies":[{"name":"wp","href":"https:\/\/api.w.org\/{rel}","templated":true}]}}