{"id":3263,"date":"2025-09-19T15:29:44","date_gmt":"2025-09-19T13:29:44","guid":{"rendered":"https:\/\/intellivitahub.com\/diventa-un-associato\/"},"modified":"2025-09-24T13:30:16","modified_gmt":"2025-09-24T11:30:16","slug":"diventa-un-associato","status":"publish","type":"page","link":"https:\/\/intellivitahub.com\/it\/diventa-un-associato\/","title":{"rendered":"Diventa un Associato"},"content":{"rendered":"\n<h2 class=\"wp-block-heading\">Diventa un membro di IntelliVita ETS: unisciti alla nostra comunit\u00e0 di benessere e trasformazione<\/h2>\n\n<p>Benvenuto nello spazio dedicato a chi desidera essere parte attiva della nostra comunit\u00e0. Noi di IntelliVita ETS crediamo che il benessere sia un diritto e un percorso collettivo. Diventando un membro, non solo investi nel tuo sviluppo personale, ma sostieni anche direttamente la nostra missione di portare educazione, cura di s\u00e9 e vitalit\u00e0 a un maggior numero di persone.  <\/p>\n\n<p>Unisciti a noi e diventa un agente di trasformazione!<\/p>\n\n<div style=\"height:46px\" aria-hidden=\"true\" class=\"wp-block-spacer\"><\/div>\n\n<h3 class=\"wp-block-heading\">Perch\u00e9 unirsi a IntelliVita ETS?<\/h3>\n\n<p>Essere un membro \u00e8 molto pi\u00f9 che avere accesso a dei vantaggi: \u00e8 abbracciare e sostenere una causa. \u00c8 far parte di un&#8217;organizzazione senza scopo di lucro dedicata alla democratizzazione delle conoscenze sul benessere e la vitalit\u00e0. <\/p>\n\n<ul class=\"wp-block-list\">\n<li>\ud83c\udf31 <strong>Sostieni una missione a impatto sociale<\/strong> La tua iscrizione rafforza la nostra capacit\u00e0 di portare i programmi di benessere a un pubblico pi\u00f9 ampio, promuovendo l&#8217;inclusione e l&#8217;accessibilit\u00e0. Contribuisci direttamente alla costruzione di una societ\u00e0 pi\u00f9 sana e consapevole. <\/li>\n<\/ul>\n\n<ul class=\"wp-block-list\">\n<li>\ud83e\udde0 <strong>Approfondisci le tue conoscenze<\/strong> Accedi a contenuti curati, pratiche ed eventi basati sui nostri tre pilastri: Benessere Integrato Corpo-Mente, Scienza ed Evidenza e Formazione potenziata. Sii all&#8217;avanguardia nella conoscenza del potenziale umano. <\/li>\n<\/ul>\n\n<ul class=\"wp-block-list\">\n<li><strong>\ud83e\udd1d Entra a far parte di una comunit\u00e0 vivace<\/strong> Entra in contatto con persone che condividono gli stessi valori e obiettivi. La nostra comunit\u00e0 \u00e8 uno spazio di scambio, di sostegno reciproco e di crescita collettiva, dove ogni percorso individuale viene valorizzato. <\/li>\n<\/ul>\n\n<ul class=\"wp-block-list\">\n<li><strong>Investi nel tuo massimo potenziale<\/strong> I nostri programmi sono pensati per aiutarti a sviluppare corpo, mente ed emozioni. Come membro, avrai il supporto e gli strumenti per percorrere il tuo cammino verso la piena vitalit\u00e0. <\/li>\n<\/ul>\n\n<div style=\"height:52px\" aria-hidden=\"true\" class=\"wp-block-spacer\"><\/div>\n\n<h3 class=\"wp-block-heading\">Come diventare membro<\/h3>\n\n<p>Il processo di adesione alla nostra famiglia \u00e8 semplice, trasparente e consapevole. Segui i passi seguenti per iniziare il tuo viaggio con noi: <\/p>\n\n<ul class=\"wp-block-list\">\n<li><strong>Passo 1: Compilare il modulo di adesione<\/strong> Il primo passo \u00e8 compilare il nostro modulo. Ci vogliono solo pochi minuti e ci aiutano a conoscerti meglio.   <\/li>\n<\/ul>\n\n<div class=\"wp-block-uagb-buttons uagb-buttons__outer-wrap uagb-btn__default-btn uagb-btn-tablet__default-btn uagb-btn-mobile__default-btn uagb-block-f26ccc10\"><div class=\"uagb-buttons__wrap uagb-buttons-layout-wrap \">\n<div class=\"wp-block-uagb-buttons-child uagb-buttons__outer-wrap uagb-block-4c32acba wp-block-button\"><div class=\"uagb-button__wrapper\"><a class=\"uagb-buttons-repeater wp-block-button__link\" aria-label=\"\" href=\"https:\/\/intellivitahub.com\/wp-content\/uploads\/2025\/09\/PT_DeclaracaoUnicadeConsentimentoeAceitacao_-IntellivitaETS.pdf\" rel=\"follow noopener\" target=\"_self\" role=\"button\"><div class=\"uagb-button__link\">Modulo di richiesta di adesione<\/div><\/a><\/div><\/div>\n<\/div><\/div>\n\n<ul class=\"wp-block-list\">\n<li><strong>Fase 2: Versare la<\/strong> quota associativa annuale Per formalizzare la tua adesione, ti chiediamo di versare la quota associativa annuale di <strong>10 euro<\/strong>. Questo contributo \u00e8 essenziale per la sostenibilit\u00e0 delle nostre attivit\u00e0.   <\/li>\n<\/ul>\n\n<p><strong>Prezzo:<\/strong> \u20ac10,00 (dieci euro)  <\/p>\n\n<p><strong>Periodo di validit\u00e0:<\/strong> La quota annuale \u00e8 valida da settembre ad agosto.  <\/p>\n\n<p><strong>Dettagli del pagamento:<\/strong> Si prega di effettuare un bonifico sul conto:<\/p>\n\n<p><strong>IBAN:<\/strong> IT79G0326822300052210324700  <\/p>\n\n<p><strong>Beneficiario:<\/strong> Intellivita ETS <strong>Partita IVA:<\/strong> 03292680216 <strong>Codice Fiscale:<\/strong> 92080770214<\/p>\n\n<p>Via Otto Von Guggenberg 28, Bressanone BZ 39042 IT<\/p>\n\n<p><strong>Descrizione\/Motivazione:<\/strong> Quota annuale [Nome completo]<\/p>\n\n<p>Se devi effettuare un bonifico SWIFT:  <\/p>\n\n<p>Indirizzo della banca: Piazza Gaudenzio Sella 1, Biella, Italia<\/p>\n\n<p>BIC\/SWIFT: SELBIT2BXXX Banca Sella<\/p>\n\n<div style=\"height:32px\" aria-hidden=\"true\" class=\"wp-block-spacer\"><\/div>\n\n<ul class=\"wp-block-list\">\n<li><strong>Fase 3: Attendere la conferma<\/strong> Dopo aver inviato il modulo e confermato il pagamento, il nostro team analizzer\u00e0 attentamente la tua richiesta. Non appena la tua iscrizione sar\u00e0 approvata, riceverai un&#8217;e-mail di benvenuto che confermer\u00e0 il tuo status di membro della comunit\u00e0 IntelliVita. <\/li>\n<\/ul>\n\n<div style=\"height:44px\" aria-hidden=\"true\" class=\"wp-block-spacer\"><\/div>\n\n<h3 class=\"wp-block-heading\">Documenti importanti<\/h3>\n\n<p>La trasparenza \u00e8 uno dei nostri pilastri. Prima di aderire, ti invitiamo a consultare i nostri documenti ufficiali per comprendere appieno il funzionamento e i principi della nostra associazione. <\/p>\n\n<div class=\"wp-block-uagb-buttons uagb-buttons__outer-wrap uagb-btn__default-btn uagb-btn-tablet__default-btn uagb-btn-mobile__default-btn uagb-block-0b6be24e\"><div class=\"uagb-buttons__wrap uagb-buttons-layout-wrap \">\n<div class=\"wp-block-uagb-buttons-child uagb-buttons__outer-wrap uagb-block-799987bf wp-block-button\"><div class=\"uagb-button__wrapper\"><a class=\"uagb-buttons-repeater wp-block-button__link\" aria-label=\"\" href=\"https:\/\/intellivitahub.com\/wp-content\/uploads\/2025\/09\/IT_InformativaPrivacyIntellivita.pdf\" rel=\"follow noopener\" target=\"_self\" role=\"button\"><div class=\"uagb-button__link\">Informativa sulla privacy<\/div><\/a><\/div><\/div>\n\n\n\n<div class=\"wp-block-uagb-buttons-child uagb-buttons__outer-wrap uagb-block-da554dac wp-block-button\"><div class=\"uagb-button__wrapper\"><a class=\"uagb-buttons-repeater wp-block-button__link\" aria-label=\"\" href=\"https:\/\/intellivitahub.com\/wp-content\/uploads\/2025\/09\/IT_RegolamentoInternoIntelliVita.pdf\" rel=\"follow noopener\" target=\"_self\" role=\"button\"><div class=\"uagb-button__link\">Regolamento interno di IntelliVita ETS<\/div><\/a><\/div><\/div>\n<\/div><\/div>\n\n<div style=\"height:31px\" aria-hidden=\"true\" class=\"wp-block-spacer\"><\/div>\n\n<h3 class=\"wp-block-heading\">Domande?<\/h3>\n\n<p>Se hai domande sul processo di adesione o su IntelliVita ETS, non esitare a contattarci a info@intellivitahub.com. Siamo qui per aiutarti!<\/p>\n\n<p>Grazie per il tuo interesse a partecipare a questo percorso di trasformazione.<\/p>\n\n<p>Con entusiasmo,<\/p>\n\n<p><strong>Il team di IntelliVita ETS<\/strong><\/p>\n\n<figure class=\"wp-block-image aligncenter size-large\"><img loading=\"lazy\" decoding=\"async\" width=\"1024\" height=\"687\" src=\"https:\/\/intellivitahub.com\/wp-content\/uploads\/2025\/09\/pexels-photo-209728-209728-1024x687.jpg\" alt=\"Primo piano di quattro pedine di legno colorate disposte in fila.\" class=\"wp-image-3256\" srcset=\"https:\/\/intellivitahub.com\/wp-content\/uploads\/2025\/09\/pexels-photo-209728-209728-1024x687.jpg 1024w, https:\/\/intellivitahub.com\/wp-content\/uploads\/2025\/09\/pexels-photo-209728-209728-300x201.jpg 300w, https:\/\/intellivitahub.com\/wp-content\/uploads\/2025\/09\/pexels-photo-209728-209728-768x515.jpg 768w, https:\/\/intellivitahub.com\/wp-content\/uploads\/2025\/09\/pexels-photo-209728-209728-1536x1031.jpg 1536w, https:\/\/intellivitahub.com\/wp-content\/uploads\/2025\/09\/pexels-photo-209728-209728-2048x1374.jpg 2048w\" sizes=\"auto, (max-width: 1024px) 100vw, 1024px\" \/><\/figure>\n\n<p><\/p>\n","protected":false},"excerpt":{"rendered":"<p>Diventa un membro di IntelliVita ETS: unisciti alla nostra comunit\u00e0 di benessere e trasformazione Benvenuto nello spazio dedicato a chi desidera essere parte attiva della nostra comunit\u00e0. Noi di IntelliVita ETS crediamo che il benessere sia un diritto e un percorso collettivo. Diventando un membro, non solo investi nel tuo sviluppo personale, ma sostieni anche [&hellip;]<\/p>\n","protected":false},"author":1,"featured_media":0,"parent":0,"menu_order":0,"comment_status":"closed","ping_status":"closed","template":"","meta":{"_uag_custom_page_level_css":"","site-sidebar-layout":"default","site-content-layout":"","ast-site-content-layout":"default","site-content-style":"default","site-sidebar-style":"default","ast-global-header-display":"","ast-banner-title-visibility":"","ast-main-header-display":"","ast-hfb-above-header-display":"","ast-hfb-below-header-display":"","ast-hfb-mobile-header-display":"","site-post-title":"disabled","ast-breadcrumbs-content":"","ast-featured-img":"","footer-sml-layout":"","ast-disable-related-posts":"","theme-transparent-header-meta":"","adv-header-id-meta":"","stick-header-meta":"","header-above-stick-meta":"","header-main-stick-meta":"","header-below-stick-meta":"","astra-migrate-meta-layouts":"default","ast-page-background-enabled":"default","ast-page-background-meta":{"desktop":{"background-color":"var(--ast-global-color-4)","background-image":"","background-repeat":"repeat","background-position":"center center","background-size":"auto","background-attachment":"scroll","background-type":"","background-media":"","overlay-type":"","overlay-color":"","overlay-opacity":"","overlay-gradient":""},"tablet":{"background-color":"","background-image":"","background-repeat":"repeat","background-position":"center center","background-size":"auto","background-attachment":"scroll","background-type":"","background-media":"","overlay-type":"","overlay-color":"","overlay-opacity":"","overlay-gradient":""},"mobile":{"background-color":"","background-image":"","background-repeat":"repeat","background-position":"center center","background-size":"auto","background-attachment":"scroll","background-type":"","background-media":"","overlay-type":"","overlay-color":"","overlay-opacity":"","overlay-gradient":""}},"ast-content-background-meta":{"desktop":{"background-color":"var(--ast-global-color-5)","background-image":"","background-repeat":"repeat","background-position":"center center","background-size":"auto","background-attachment":"scroll","background-type":"","background-media":"","overlay-type":"","overlay-color":"","overlay-opacity":"","overlay-gradient":""},"tablet":{"background-color":"var(--ast-global-color-5)","background-image":"","background-repeat":"repeat","background-position":"center center","background-size":"auto","background-attachment":"scroll","background-type":"","background-media":"","overlay-type":"","overlay-color":"","overlay-opacity":"","overlay-gradient":""},"mobile":{"background-color":"var(--ast-global-color-5)","background-image":"","background-repeat":"repeat","background-position":"center center","background-size":"auto","background-attachment":"scroll","background-type":"","background-media":"","overlay-type":"","overlay-color":"","overlay-opacity":"","overlay-gradient":""}},"footnotes":""},"class_list":["post-3263","page","type-page","status-publish","hentry"],"aioseo_notices":[],"uagb_featured_image_src":{"full":false,"thumbnail":false,"medium":false,"medium_large":false,"large":false,"1536x1536":false,"2048x2048":false},"uagb_author_info":{"display_name":"intellivitahub.com","author_link":"https:\/\/intellivitahub.com\/it\/author\/intellivitahub-com\/"},"uagb_comment_info":0,"uagb_excerpt":"Diventa un membro di IntelliVita ETS: unisciti alla nostra comunit\u00e0 di benessere e trasformazione Benvenuto nello spazio dedicato a chi desidera essere parte attiva della nostra comunit\u00e0. Noi di IntelliVita ETS crediamo che il benessere sia un diritto e un percorso collettivo. Diventando un membro, non solo investi nel tuo sviluppo personale, ma sostieni anche&hellip;","_links":{"self":[{"href":"https:\/\/intellivitahub.com\/it\/wp-json\/wp\/v2\/pages\/3263","targetHints":{"allow":["GET"]}}],"collection":[{"href":"https:\/\/intellivitahub.com\/it\/wp-json\/wp\/v2\/pages"}],"about":[{"href":"https:\/\/intellivitahub.com\/it\/wp-json\/wp\/v2\/types\/page"}],"author":[{"embeddable":true,"href":"https:\/\/intellivitahub.com\/it\/wp-json\/wp\/v2\/users\/1"}],"replies":[{"embeddable":true,"href":"https:\/\/intellivitahub.com\/it\/wp-json\/wp\/v2\/comments?post=3263"}],"version-history":[{"count":3,"href":"https:\/\/intellivitahub.com\/it\/wp-json\/wp\/v2\/pages\/3263\/revisions"}],"predecessor-version":[{"id":3295,"href":"https:\/\/intellivitahub.com\/it\/wp-json\/wp\/v2\/pages\/3263\/revisions\/3295"}],"wp:attachment":[{"href":"https:\/\/intellivitahub.com\/it\/wp-json\/wp\/v2\/media?parent=3263"}],"curies":[{"name":"wp","href":"https:\/\/api.w.org\/{rel}","templated":true}]}}